{"id":737,"date":"2013-11-24T22:29:46","date_gmt":"2013-11-24T21:29:46","guid":{"rendered":"http:\/\/walmer.com.pl\/pl\/?page_id=737"},"modified":"2020-05-05T10:08:17","modified_gmt":"2020-05-05T08:08:17","slug":"obsluga-modeli-mgl","status":"publish","type":"page","link":"https:\/\/walmer.com.pl\/pl\/filmy-instruktazowe\/obsluga-modeli-mgl\/","title":{"rendered":"Obs\u0142uga modeli MG\u0141"},"content":{"rendered":"\n<p>Poni\u017cszy film pokazuje, jak przecina\u0107 p\u0142ytki przy pomocy urz\u0105dze\u0144 serii <strong>MG\u0141<\/strong>:<\/p>\n\n\n\n<figure class=\"wp-block-embed-youtube wp-block-embed is-type-video is-provider-youtube wp-embed-aspect-16-9 wp-has-aspect-ratio\"><div class=\"wp-block-embed__wrapper\">\n<iframe loading=\"lazy\" title=\"MG\u0141 - jak przeci\u0105\u0107 p\u0142ytk\u0119?\" width=\"500\" height=\"281\" src=\"https:\/\/www.youtube.com\/embed\/BnW1IIFoDYk?feature=oembed\" frameborder=\"0\" allow=\"accelerometer; autoplay; clipboard-write; encrypted-media; gyroscope; picture-in-picture; web-share\" referrerpolicy=\"strict-origin-when-cross-origin\" allowfullscreen><\/iframe>\n<\/div><\/figure>\n\n\n\n<p>P\u0142ytki mo\u017cna przecina\u0107 zar\u00f3wno na prostok\u0105tne pasy, jak i w karo (wzd\u0142u\u017c przek\u0105tnej).<\/p>\n\n\n\n<p><br>Prosz\u0119 zwr\u00f3ci\u0107 uwag\u0119 na szybko\u015b\u0107 z jak\u0105 uzyskamy idealnie przeci\u0119t\u0105 p\u0142ytk\u0119 oraz mo\u017cliwo\u015b\u0107 ci\u0119cia bardzo w\u0105skich pask\u00f3w.<\/p>\n","protected":false},"excerpt":{"rendered":"<p>Poni\u017cszy film pokazuje, jak przecina\u0107 p\u0142ytki przy pomocy urz\u0105dze\u0144 serii MG\u0141: P\u0142ytki mo\u017cna przecina\u0107 zar\u00f3wno na prostok\u0105tne pasy, jak i w karo (wzd\u0142u\u017c przek\u0105tnej). Prosz\u0119 zwr\u00f3ci\u0107 uwag\u0119 na szybko\u015b\u0107 z jak\u0105 uzyskamy idealnie przeci\u0119t\u0105 p\u0142ytk\u0119 oraz mo\u017cliwo\u015b\u0107 ci\u0119cia bardzo w\u0105skich pask\u00f3w.<\/p>\n","protected":false},"author":4,"featured_media":0,"parent":462,"menu_order":0,"comment_status":"closed","ping_status":"closed","template":"","meta":{"footnotes":""},"class_list":["post-737","page","type-page","status-publish","hentry"],"_links":{"self":[{"href":"https:\/\/walmer.com.pl\/pl\/wp-json\/wp\/v2\/pages\/737","targetHints":{"allow":["GET"]}}],"collection":[{"href":"https:\/\/walmer.com.pl\/pl\/wp-json\/wp\/v2\/pages"}],"about":[{"href":"https:\/\/walmer.com.pl\/pl\/wp-json\/wp\/v2\/types\/page"}],"author":[{"embeddable":true,"href":"https:\/\/walmer.com.pl\/pl\/wp-json\/wp\/v2\/users\/4"}],"replies":[{"embeddable":true,"href":"https:\/\/walmer.com.pl\/pl\/wp-json\/wp\/v2\/comments?post=737"}],"version-history":[{"count":16,"href":"https:\/\/walmer.com.pl\/pl\/wp-json\/wp\/v2\/pages\/737\/revisions"}],"predecessor-version":[{"id":1097,"href":"https:\/\/walmer.com.pl\/pl\/wp-json\/wp\/v2\/pages\/737\/revisions\/1097"}],"up":[{"embeddable":true,"href":"https:\/\/walmer.com.pl\/pl\/wp-json\/wp\/v2\/pages\/462"}],"wp:attachment":[{"href":"https:\/\/walmer.com.pl\/pl\/wp-json\/wp\/v2\/media?parent=737"}],"curies":[{"name":"wp","href":"https:\/\/api.w.org\/{rel}","templated":true}]}}