{"id":689,"date":"2013-11-23T01:51:17","date_gmt":"2013-11-23T00:51:17","guid":{"rendered":"http:\/\/walmer.com.pl\/pl\/?page_id=689"},"modified":"2013-11-29T13:14:58","modified_gmt":"2013-11-29T12:14:58","slug":"oferta","status":"publish","type":"page","link":"https:\/\/walmer.com.pl\/pl\/oferta\/","title":{"rendered":"Oferta"},"content":{"rendered":"<h3 class=\"title\"><span> Nasza Oferta <\/span><\/h3>\n<p>Oferujemy wysokiej jako\u015bci urz\u0105dzenia do ci\u0119cia glazury i terakoty.<\/p>\n\n","protected":false},"excerpt":{"rendered":"<p>Oferujemy wysokiej jako\u015bci urz\u0105dzenia do ci\u0119cia glazury i terakoty.<\/p>\n","protected":false},"author":4,"featured_media":0,"parent":0,"menu_order":0,"comment_status":"closed","ping_status":"closed","template":"","meta":{"footnotes":""},"class_list":["post-689","page","type-page","status-publish","hentry"],"_links":{"self":[{"href":"https:\/\/walmer.com.pl\/pl\/wp-json\/wp\/v2\/pages\/689","targetHints":{"allow":["GET"]}}],"collection":[{"href":"https:\/\/walmer.com.pl\/pl\/wp-json\/wp\/v2\/pages"}],"about":[{"href":"https:\/\/walmer.com.pl\/pl\/wp-json\/wp\/v2\/types\/page"}],"author":[{"embeddable":true,"href":"https:\/\/walmer.com.pl\/pl\/wp-json\/wp\/v2\/users\/4"}],"replies":[{"embeddable":true,"href":"https:\/\/walmer.com.pl\/pl\/wp-json\/wp\/v2\/comments?post=689"}],"version-history":[{"count":2,"href":"https:\/\/walmer.com.pl\/pl\/wp-json\/wp\/v2\/pages\/689\/revisions"}],"predecessor-version":[{"id":707,"href":"https:\/\/walmer.com.pl\/pl\/wp-json\/wp\/v2\/pages\/689\/revisions\/707"}],"wp:attachment":[{"href":"https:\/\/walmer.com.pl\/pl\/wp-json\/wp\/v2\/media?parent=689"}],"curies":[{"name":"wp","href":"https:\/\/api.w.org\/{rel}","templated":true}]}}