{"id":189,"date":"2011-10-27T09:46:08","date_gmt":"2011-10-27T09:46:08","guid":{"rendered":"http:\/\/walmer.com.pl\/wp\/?page_id=189"},"modified":"2016-02-02T11:20:24","modified_gmt":"2016-02-02T10:20:24","slug":"kontakt","status":"publish","type":"page","link":"https:\/\/walmer.com.pl\/pl\/kontakt\/","title":{"rendered":"Kontakt z nami"},"content":{"rendered":"<div class=\"one-half\"> <h3 class=\"title\"><span> Kontakt z nami: <\/span><\/h3>\n<h4><div class=\"three-fifths\"><\/div><span style=\"line-height: 0.6cm; font-size: small; color: #575757;\">Je\u017celi maj\u0105 Pa\u0144stwo jakiekolwiek pytania z ch\u0119ci\u0105 na nie odpowiemy. Prosimy o kontakt drog\u0105 telefoniczn\u0105 lub mailow\u0105. Mamy nadziej\u0119, \u017ce nasze us\u0142ugi spe\u0142ni\u0105 Pa\u0144stwa oczekiwania.<br \/>\n<\/span><\/h4>\n<h3 class=\"title\"><span> Dane kontaktowe: <\/span><\/h3>\n<div class=\"two-thirds last\">\n<p style=\"text-align: left;\"><span style=\"line-height: 0.6cm; font-size: small; color: #575757;\">WALMER<\/span><\/p>\n<p style=\"text-align: left;\"><span style=\"line-height: 0.6cm; font-size: small; color: #575757;\">&#8222;Walmer&#8221; \u00a0S. Walas, W. Walas s.c<br \/>\n39-331 Chorzel\u00f3w,\u00a0Chrz\u0105st\u00f3w 130<\/span><\/p>\n<p style=\"text-align: left;\"><span style=\"color: #575757;\">Wola Zdakowska 32B<\/span><br \/>\n<span style=\"color: #575757;\">\u00a039-307 Gaw\u0142uszowice<\/span><\/p>\n<p style=\"text-align: left;\"><span style=\"color: #575757;\">tel.:\u00a0(0-17) 584 16 08<\/span><br \/>\n<span style=\"color: #575757;\">fax:\u00a0(0-17) 584 00 47<\/span><\/p>\n<p style=\"text-align: left;\"><span style=\"line-height: 0.6cm; font-size: small; color: #575757;\">e-mail: walmer@poczta.onet.pl<br \/>\nwalmer@walmer.com.pl<\/span><\/p>\n<\/div>\n<\/div>\n<div class=\"one-half last\"> <h3 class=\"title\"><span> Formularz kontaktowy: <\/span><\/h3>\n\n<div class=\"wpcf7 no-js\" id=\"wpcf7-f1016-o1\" lang=\"pl-PL\" dir=\"ltr\" data-wpcf7-id=\"1016\">\n<div class=\"screen-reader-response\"><p role=\"status\" aria-live=\"polite\" aria-atomic=\"true\"><\/p> <ul><\/ul><\/div>\n<form action=\"\/pl\/wp-json\/wp\/v2\/pages\/189#wpcf7-f1016-o1\" method=\"post\" class=\"wpcf7-form init\" aria-label=\"Formularz kontaktowy\" novalidate=\"novalidate\" data-status=\"init\">\n<fieldset class=\"hidden-fields-container\"><input type=\"hidden\" name=\"_wpcf7\" value=\"1016\" \/><input type=\"hidden\" name=\"_wpcf7_version\" value=\"6.1.1\" \/><input type=\"hidden\" name=\"_wpcf7_locale\" value=\"pl_PL\" \/><input type=\"hidden\" name=\"_wpcf7_unit_tag\" value=\"wpcf7-f1016-o1\" \/><input type=\"hidden\" name=\"_wpcf7_container_post\" value=\"0\" \/><input type=\"hidden\" name=\"_wpcf7_posted_data_hash\" value=\"\" \/>\n<\/fieldset>\n<p>Imi\u0119 i nazwisko (wymagane)\n<\/p>\n<p><span class=\"wpcf7-form-control-wrap\" data-name=\"your-name\"><input size=\"40\" maxlength=\"400\" class=\"wpcf7-form-control wpcf7-text wpcf7-validates-as-required\" aria-required=\"true\" aria-invalid=\"false\" value=\"\" type=\"text\" name=\"your-name\" \/><\/span>\n<\/p>\n<p>Adres email (wymagane)\n<\/p>\n<p><span class=\"wpcf7-form-control-wrap\" data-name=\"your-email\"><input size=\"40\" maxlength=\"400\" class=\"wpcf7-form-control wpcf7-email wpcf7-validates-as-required wpcf7-text wpcf7-validates-as-email\" aria-required=\"true\" aria-invalid=\"false\" value=\"\" type=\"email\" name=\"your-email\" \/><\/span>\n<\/p>\n<p>Temat\n<\/p>\n<p><span class=\"wpcf7-form-control-wrap\" data-name=\"your-subject\"><input size=\"40\" maxlength=\"400\" class=\"wpcf7-form-control wpcf7-text\" aria-invalid=\"false\" value=\"\" type=\"text\" name=\"your-subject\" \/><\/span>\n<\/p>\n<p>Tre\u015b\u0107 wiadomo\u015bci\n<\/p>\n<p><span class=\"wpcf7-form-control-wrap\" data-name=\"your-message\"><textarea cols=\"40\" rows=\"10\" maxlength=\"2000\" class=\"wpcf7-form-control wpcf7-textarea\" aria-invalid=\"false\" name=\"your-message\"><\/textarea><\/span>\n<\/p>\n<p><input class=\"wpcf7-form-control wpcf7-submit has-spinner\" type=\"submit\" value=\"Wy\u015blij\" \/>\n<\/p><p style=\"display: none !important;\" class=\"akismet-fields-container\" data-prefix=\"_wpcf7_ak_\"><label>&#916;<textarea name=\"_wpcf7_ak_hp_textarea\" cols=\"45\" rows=\"8\" maxlength=\"100\"><\/textarea><\/label><input type=\"hidden\" id=\"ak_js_1\" name=\"_wpcf7_ak_js\" value=\"27\"\/><script>document.getElementById( \"ak_js_1\" ).setAttribute( \"value\", ( new Date() ).getTime() );<\/script><\/p><div class=\"wpcf7-response-output\" aria-hidden=\"true\"><\/div>\n<\/form>\n<\/div>\n\n<p style=\"text-align: center;\"><img decoding=\"async\" class=\"aligncenter size-large wp-image-227\" title=\"contact image\" src=\"http:\/\/walmer.com.pl\/pl\/wp-content\/uploads\/2013\/11\/5.jpg\" alt=\"\" width=\"320\" height=\"auto\" \/><a href=\"http:\/\/walmer.com.pl\/pl\/wp-content\/uploads\/2013\/11\/5.jpg\"><br \/>\n<\/a><\/p>\n<\/div>\n<p>&nbsp;<\/p>\n<p>&nbsp;<\/p>\n","protected":false},"excerpt":{"rendered":"<p>&nbsp; &nbsp;<\/p>\n","protected":false},"author":4,"featured_media":0,"parent":0,"menu_order":5,"comment_status":"open","ping_status":"open","template":"contact.php","meta":{"footnotes":""},"class_list":["post-189","page","type-page","status-publish","hentry"],"_links":{"self":[{"href":"https:\/\/walmer.com.pl\/pl\/wp-json\/wp\/v2\/pages\/189","targetHints":{"allow":["GET"]}}],"collection":[{"href":"https:\/\/walmer.com.pl\/pl\/wp-json\/wp\/v2\/pages"}],"about":[{"href":"https:\/\/walmer.com.pl\/pl\/wp-json\/wp\/v2\/types\/page"}],"author":[{"embeddable":true,"href":"https:\/\/walmer.com.pl\/pl\/wp-json\/wp\/v2\/users\/4"}],"replies":[{"embeddable":true,"href":"https:\/\/walmer.com.pl\/pl\/wp-json\/wp\/v2\/comments?post=189"}],"version-history":[{"count":7,"href":"https:\/\/walmer.com.pl\/pl\/wp-json\/wp\/v2\/pages\/189\/revisions"}],"predecessor-version":[{"id":1017,"href":"https:\/\/walmer.com.pl\/pl\/wp-json\/wp\/v2\/pages\/189\/revisions\/1017"}],"wp:attachment":[{"href":"https:\/\/walmer.com.pl\/pl\/wp-json\/wp\/v2\/media?parent=189"}],"curies":[{"name":"wp","href":"https:\/\/api.w.org\/{rel}","templated":true}]}}