{"id":134,"date":"2011-10-24T14:04:09","date_gmt":"2011-10-24T14:04:09","guid":{"rendered":"http:\/\/walmer.com.pl\/wp\/?page_id=134"},"modified":"2015-10-20T14:46:37","modified_gmt":"2015-10-20T12:46:37","slug":"o-firmie","status":"publish","type":"page","link":"https:\/\/walmer.com.pl\/pl\/o-firmie\/","title":{"rendered":"O firmie"},"content":{"rendered":"<h3 class=\"title\"><span>O firmie Walmer<\/span><\/h3>\n<table>\n<tbody>\n<tr>\n<td style=\"text-align: justify;\" width=\"40%\">Firma WALMER znajduje si\u0119 w po\u0142udniowo-wschodniej Polsce,<\/p>\n<p>w wojew\u00f3dztwie podkarpackim,<\/p>\n<p>w Chrz\u0105stowie i Woli Zdakowskiej niedaleko Mielca.<\/p>\n<p>Istnieje od 1992 roku.<\/p>\n<p>Firma WALMER jest producentem wysokiej jako\u015bci r\u0119cznych urz\u0105dze\u0144 do ci\u0119cia p\u0142ytek z glazury i terakoty. Nasze przecinarki s\u0105 rozpoznawalne na rynku polskim i europejskim. S\u0105 u\u017cywane zar\u00f3wno przez specjalist\u00f3w, jak i przez amator\u00f3w. Wsp\u00f3\u0142pracuje z nami od lat wiele firm z Polski, a w\u015br\u00f3d nich wiele od pocz\u0105tku naszego istnienia.<\/p>\n<p>Ponadto wsp\u00f3\u0142pracujemy z du\u017cymi sieciami hipermarket\u00f3w nie tylko z Polski, ale tak\u017ce ze S\u0142owacji, Bia\u0142orusi i ze Szwecji. Sprzedajemy nasze produkty tak\u017ce do Anglii, \u0141otwy i Rumunii. Tak wielu klient\u00f3w dowodzi o najwy\u017cszej jako\u015bci naszych przecinarek.<\/p>\n<p>Cieszymy si\u0119 du\u017cym zaufaniem nabywc\u00f3w naszych produkt\u00f3w dzi\u0119ki profesjonalnemu podej\u015bciu do ka\u017cdego klienta, szerokiemu asortymentowi, dobrym warunkom handlowym i przyst\u0119pnym cenom.<\/p>\n<p>Korzystamy z nowoczesnych maszyn produkcyjnych, poniewa\u017c cenimy sobie najwy\u017csz\u0105 jako\u015b\u0107 produkt\u00f3w, dlatego Pa\u0144stwa praca przy ich u\u017cyciu jest \u0142atwiejsza, szybsza i wygodniejsza.<\/p>\n<p>Jeste\u015bmy dynamicznie rozwijaj\u0105c\u0105 si\u0119 polsk\u0105 firm\u0105 i nieustannie poszerzamy asortyment o nowe modele naszych urz\u0105dze\u0144, aby wyj\u015b\u0107 naprzeciw potrzebom klient\u00f3w.<\/p>\n<p>Je\u015bli maj\u0105 Pa\u0144stwo pytania ch\u0119tnie na nie odpowiemy i doradzimy jaki model naszego urz\u0105dzenia by\u0142by dla Pa\u0144stwa najlepszy.<\/p>\n<p>Nasz adres mailowy: <a href=\"mailto:walmer@walmer.com.pl\">walmer@walmer.com.pl<\/a><\/p>\n<p>Telefon\/Fax: 00 48 17 584 16 08<\/td>\n<td style=\"text-align: center; padding-left: 20px;\"><style type=\"text\/css\">.easingslider-1003 { max-width: 588px; }.easingslider-1003 .easingslider-image { max-height: 313px; max-width: 588px; }.easingslider-1003 .easingslider-fade-in, .easingslider-fade-out { -webkit-animation-duration: 900ms; -moz-animation-duration: 900ms; animation-duration: 900ms; }<\/style><script type=\"text\/javascript\">window.EasingSlider1003 = {\"width\":588,\"height\":313,\"singleItem\":true,\"items\":1,\"itemsDesktop\":false,\"itemsDesktopSmall\":false,\"itemsTablet\":false,\"itemsTabletSmall\":false,\"itemsMobile\":false,\"responsive\":true,\"lazyLoad\":true,\"autoPlay\":4000,\"slideSpeed\":900,\"navigation\":false,\"navigationText\":[\"\",\"\"],\"pagination\":false,\"autoHeight\":false,\"mouseDrag\":false,\"touchDrag\":false,\"addClassActive\":true,\"transitionStyle\":false};<\/script><div data-id=\"1003\" class=\"easingslider easingslider-1003 easingslider-container easingslider-resizing-enabled easingslider-aspect-ratio\"><div class=\"easingslider-slide\"><a href=\"none\" target=\"\"><img decoding=\"async\" src=\"https:\/\/walmer.com.pl\/pl\/wp-content\/plugins\/easing-slider\/assets\/images\/placeholder-pixel.png\" data-src=\"http:\/\/walmer.com.pl\/pl\/wp-content\/uploads\/2013\/11\/3.jpg\" alt=\"\" title=\"\" class=\"easingslider-image easingslider-lazy\" \/><\/a><\/div><div class=\"easingslider-slide\"><a href=\"none\" target=\"\"><img decoding=\"async\" src=\"https:\/\/walmer.com.pl\/pl\/wp-content\/plugins\/easing-slider\/assets\/images\/placeholder-pixel.png\" data-src=\"http:\/\/walmer.com.pl\/pl\/wp-content\/uploads\/2011\/11\/slide3.jpg\" alt=\"\" title=\"\" class=\"easingslider-image easingslider-lazy\" \/><\/a><\/div><div class=\"easingslider-slide\"><a href=\"none\" target=\"\"><img decoding=\"async\" src=\"https:\/\/walmer.com.pl\/pl\/wp-content\/plugins\/easing-slider\/assets\/images\/placeholder-pixel.png\" data-src=\"http:\/\/walmer.com.pl\/pl\/wp-content\/uploads\/2011\/11\/slide10.jpg\" alt=\"\" title=\"\" class=\"easingslider-image easingslider-lazy\" \/><\/a><\/div><div class=\"easingslider-slide\"><a href=\"none\" target=\"\"><img decoding=\"async\" src=\"https:\/\/walmer.com.pl\/pl\/wp-content\/plugins\/easing-slider\/assets\/images\/placeholder-pixel.png\" data-src=\"http:\/\/walmer.com.pl\/pl\/wp-content\/uploads\/2011\/11\/slide5.jpg\" alt=\"\" title=\"\" class=\"easingslider-image easingslider-lazy\" \/><\/a><\/div><div class=\"easingslider-slide\"><a href=\"none\" target=\"\"><img decoding=\"async\" src=\"https:\/\/walmer.com.pl\/pl\/wp-content\/plugins\/easing-slider\/assets\/images\/placeholder-pixel.png\" data-src=\"http:\/\/walmer.com.pl\/pl\/wp-content\/uploads\/2013\/11\/21.jpg\" alt=\"\" title=\"\" class=\"easingslider-image easingslider-lazy\" \/><\/a><\/div><div class=\"easingslider-slide\"><a href=\"none\" target=\"\"><img decoding=\"async\" src=\"https:\/\/walmer.com.pl\/pl\/wp-content\/plugins\/easing-slider\/assets\/images\/placeholder-pixel.png\" data-src=\"http:\/\/walmer.com.pl\/pl\/wp-content\/uploads\/2011\/11\/slide6.jpg\" alt=\"\" title=\"\" class=\"easingslider-image easingslider-lazy\" \/><\/a><\/div><div class=\"easingslider-slide\"><a href=\"none\" target=\"\"><img decoding=\"async\" src=\"https:\/\/walmer.com.pl\/pl\/wp-content\/plugins\/easing-slider\/assets\/images\/placeholder-pixel.png\" data-src=\"http:\/\/walmer.com.pl\/pl\/wp-content\/uploads\/2013\/11\/Bez-nazwy-21.jpg\" alt=\"\" title=\"\" class=\"easingslider-image easingslider-lazy\" \/><\/a><\/div><div class=\"easingslider-slide\"><a href=\"none\" target=\"\"><img decoding=\"async\" src=\"https:\/\/walmer.com.pl\/pl\/wp-content\/plugins\/easing-slider\/assets\/images\/placeholder-pixel.png\" data-src=\"http:\/\/walmer.com.pl\/pl\/wp-content\/uploads\/2013\/11\/6.jpg\" alt=\"\" title=\"\" class=\"easingslider-image easingslider-lazy\" \/><\/a><\/div><\/div>\n<a href=\"http:\/\/walmer.com.pl\/pl\/oferta\"><img decoding=\"async\" class=\"size-full wp-image-271 alignleft\" title=\"products\" src=\"http:\/\/walmer.com.pl\/pl\/wp-content\/uploads\/2013\/12\/przejdz-button.png\" alt=\"\" width=\"100%\" height=\"58\" \/><\/a><\/td>\n<\/tr>\n<\/tbody>\n<\/table>\n","protected":false},"excerpt":{"rendered":"<p>Firma WALMER znajduje si\u0119 w po\u0142udniowo-wschodniej Polsce, w wojew\u00f3dztwie podkarpackim, w Chrz\u0105stowie i Woli Zdakowskiej niedaleko Mielca. Istnieje od 1992 roku. Firma WALMER jest producentem wysokiej jako\u015bci r\u0119cznych urz\u0105dze\u0144 do ci\u0119cia p\u0142ytek z glazury i terakoty. Nasze przecinarki s\u0105 rozpoznawalne na rynku polskim i europejskim. S\u0105 u\u017cywane zar\u00f3wno przez specjalist\u00f3w, jak i przez amator\u00f3w. Wsp\u00f3\u0142pracuje <a href=\"https:\/\/walmer.com.pl\/pl\/o-firmie\/\">Read More<\/a><\/p>\n","protected":false},"author":4,"featured_media":0,"parent":0,"menu_order":1,"comment_status":"open","ping_status":"open","template":"","meta":{"footnotes":""},"class_list":["post-134","page","type-page","status-publish","hentry"],"_links":{"self":[{"href":"https:\/\/walmer.com.pl\/pl\/wp-json\/wp\/v2\/pages\/134","targetHints":{"allow":["GET"]}}],"collection":[{"href":"https:\/\/walmer.com.pl\/pl\/wp-json\/wp\/v2\/pages"}],"about":[{"href":"https:\/\/walmer.com.pl\/pl\/wp-json\/wp\/v2\/types\/page"}],"author":[{"embeddable":true,"href":"https:\/\/walmer.com.pl\/pl\/wp-json\/wp\/v2\/users\/4"}],"replies":[{"embeddable":true,"href":"https:\/\/walmer.com.pl\/pl\/wp-json\/wp\/v2\/comments?post=134"}],"version-history":[{"count":12,"href":"https:\/\/walmer.com.pl\/pl\/wp-json\/wp\/v2\/pages\/134\/revisions"}],"predecessor-version":[{"id":1013,"href":"https:\/\/walmer.com.pl\/pl\/wp-json\/wp\/v2\/pages\/134\/revisions\/1013"}],"wp:attachment":[{"href":"https:\/\/walmer.com.pl\/pl\/wp-json\/wp\/v2\/media?parent=134"}],"curies":[{"name":"wp","href":"https:\/\/api.w.org\/{rel}","templated":true}]}}