{"id":1227,"date":"2025-06-16T12:25:57","date_gmt":"2025-06-16T10:25:57","guid":{"rendered":"https:\/\/walmer.com.pl\/pl\/?page_id=1227"},"modified":"2025-06-16T12:26:59","modified_gmt":"2025-06-16T10:26:59","slug":"social-media","status":"publish","type":"page","link":"https:\/\/walmer.com.pl\/pl\/social-media\/","title":{"rendered":"Social Media"},"content":{"rendered":"\n<p><strong>Jeste\u015bmy obecni w mediach spo\u0142eczno\u015bciowych<\/strong><\/p>\n\n\n\n<p>Zapraszamy do \u015bledzenia naszych profili w mediach spo\u0142eczno\u015bciowych, gdzie regularnie publikujemy aktualno\u015bci, informacje o produktach, zdj\u0119cia, filmy oraz praktyczne porady zwi\u0105zane z nasz\u0105 ofert\u0105. Dzi\u0119ki temu mog\u0105 Pa\u0144stwo by\u0107 na bie\u017c\u0105co z naszymi nowo\u015bciami.<\/p>\n\n\n\n<p>Znajd\u0105 nas Pa\u0144stwo na nast\u0119puj\u0105cych platformach:<\/p>\n\n\n\n<p>\ud83d\udd39 Facebook (<a href=\"https:\/\/www.facebook.com\/walmertilehandcutters\">https:\/\/www.facebook.com\/walmertilehandcutters<\/a>)<\/p>\n\n\n\n<p><br>\ud83d\udd39 Instagram (<a href=\"https:\/\/www.instagram.com\/walmertilehandcutters\/\">https:\/\/www.instagram.com\/walmertilehandcutters\/<\/a>)<\/p>\n\n\n\n<p><br>\ud83d\udd39 TikTok (<a href=\"https:\/\/www.tiktok.com\/@walmertilehandcutters\">https:\/\/www.tiktok.com\/@walmertilehandcutters<\/a>)<\/p>\n\n\n\n<p><br>\ud83d\udd39 YouTube (<a href=\"https:\/\/www.youtube.com\/@walmertilehandcutters\">https:\/\/www.youtube.com\/@walmertilehandcutters<\/a>)<\/p>\n\n\n\n<p><\/p>\n\n\n\n<p>Zach\u0119camy do obserwowania \u2013 b\u0119dzie nam mi\u0142o pozosta\u0107 z Pa\u0144stwem w kontakcie tak\u017ce w kana\u0142ach online.<\/p>\n\n\n\n<p><\/p>\n","protected":false},"excerpt":{"rendered":"<p>Jeste\u015bmy obecni w mediach spo\u0142eczno\u015bciowych Zapraszamy do \u015bledzenia naszych profili w mediach spo\u0142eczno\u015bciowych, gdzie regularnie publikujemy aktualno\u015bci, informacje o produktach, zdj\u0119cia, filmy oraz praktyczne porady zwi\u0105zane z nasz\u0105 ofert\u0105. Dzi\u0119ki temu mog\u0105 Pa\u0144stwo by\u0107 na bie\u017c\u0105co z naszymi nowo\u015bciami. Znajd\u0105 nas Pa\u0144stwo na nast\u0119puj\u0105cych platformach: \ud83d\udd39 Facebook (https:\/\/www.facebook.com\/walmertilehandcutters) \ud83d\udd39 Instagram (https:\/\/www.instagram.com\/walmertilehandcutters\/) \ud83d\udd39 TikTok (https:\/\/www.tiktok.com\/@walmertilehandcutters) \ud83d\udd39 <a href=\"https:\/\/walmer.com.pl\/pl\/social-media\/\">Read More<\/a><\/p>\n","protected":false},"author":4,"featured_media":0,"parent":0,"menu_order":0,"comment_status":"closed","ping_status":"closed","template":"","meta":{"footnotes":""},"class_list":["post-1227","page","type-page","status-publish","hentry"],"_links":{"self":[{"href":"https:\/\/walmer.com.pl\/pl\/wp-json\/wp\/v2\/pages\/1227","targetHints":{"allow":["GET"]}}],"collection":[{"href":"https:\/\/walmer.com.pl\/pl\/wp-json\/wp\/v2\/pages"}],"about":[{"href":"https:\/\/walmer.com.pl\/pl\/wp-json\/wp\/v2\/types\/page"}],"author":[{"embeddable":true,"href":"https:\/\/walmer.com.pl\/pl\/wp-json\/wp\/v2\/users\/4"}],"replies":[{"embeddable":true,"href":"https:\/\/walmer.com.pl\/pl\/wp-json\/wp\/v2\/comments?post=1227"}],"version-history":[{"count":2,"href":"https:\/\/walmer.com.pl\/pl\/wp-json\/wp\/v2\/pages\/1227\/revisions"}],"predecessor-version":[{"id":1229,"href":"https:\/\/walmer.com.pl\/pl\/wp-json\/wp\/v2\/pages\/1227\/revisions\/1229"}],"wp:attachment":[{"href":"https:\/\/walmer.com.pl\/pl\/wp-json\/wp\/v2\/media?parent=1227"}],"curies":[{"name":"wp","href":"https:\/\/api.w.org\/{rel}","templated":true}]}}