{"id":1172,"date":"2023-08-18T12:31:14","date_gmt":"2023-08-18T10:31:14","guid":{"rendered":"https:\/\/walmer.com.pl\/pl\/?page_id=1172"},"modified":"2023-09-09T08:36:53","modified_gmt":"2023-09-09T06:36:53","slug":"qa","status":"publish","type":"page","link":"https:\/\/walmer.com.pl\/pl\/qa\/","title":{"rendered":"Q&#038;A"},"content":{"rendered":"\n<h2 class=\"wp-block-heading has-luminous-vivid-orange-color has-text-color has-medium-font-size\"><strong>Czym r\u00f3\u017cni si\u0119 maszynka MG\u0141R II 1200 od MG-Profi 1200?<\/strong><\/h2>\n\n\n\n<div style=\"height:10px\" aria-hidden=\"true\" class=\"wp-block-spacer\"><\/div>\n\n\n\n<ul class=\"wp-block-list\">\n<li style=\"text-decoration:none\">maszynka MG\u0141R II 1200 nie posiada n\u00f3g, wi\u0119c aby j\u0105 komfortowo u\u017cywa\u0107 trzeba j\u0105 po\u0142o\u017cy\u0107 na blacie albo stole,<\/li>\n\n\n\n<li style=\"text-decoration:none\">maszynka MG-Profi 1200 posiada nogi, mo\u017cna j\u0105 wygodnie rozstawi\u0107, zablokowa\u0107 ko\u0142a i komfortowo ci\u0105\u0107 p\u0142ytki bez konieczno\u015bci u\u017cywania dodatkowych sto\u0142\u00f3w czy blat\u00f3w<\/li>\n\n\n\n<li style=\"text-decoration:none\">najw\u0119\u017cszy pasek p\u0142ytki, kt\u00f3ry mo\u017cna przeci\u0105\u0107 i z\u0142ama\u0107 przy u\u017cyciu MG-Profi 1200 to 6cm (wynika to z konstrukcji przecinarki i mo\u017cliwo\u015bci najnowszego mechanizmu \u0142ami\u0105cego, kt\u00f3ry dzia\u0142a z jednakow\u0105 si\u0142\u0105 docisku na ca\u0142ej d\u0142ugo\u015bci p\u0142ytki \u2013 a nie punktowo, jak to jest przy MG\u0141R II 1200)<\/li>\n\n\n\n<li style=\"text-decoration:none\">dla ci\u0119cia w\u0119\u017cszych pask\u00f3w (ni\u017c 6cm) zaleca si\u0119 u\u017cycie maszynki MG\u0141R II 1200<\/li>\n\n\n\n<li style=\"text-decoration:none\">najbardziej profesjonalni glazurnicy wyposa\u017caj\u0105 si\u0119 w obie wersje maszynek, co czyni ich prac\u0119 kompleksow\u0105 i nie zaskoczy ich \u017caden wymiar p\u0142ytki<\/li>\n<\/ul>\n\n\n\n<div style=\"height:20px\" aria-hidden=\"true\" class=\"wp-block-spacer\"><\/div>\n\n\n\n<h2 class=\"wp-block-heading has-luminous-vivid-amber-color has-text-color has-medium-font-size\" style=\"text-transform:none\"><strong>Czym r\u00f3\u017cni si\u0119 maszynka MG\u0141 600\/800 od MGK 600\/800?<\/strong><\/h2>\n\n\n\n<div style=\"height:10px\" aria-hidden=\"true\" class=\"wp-block-spacer\"><\/div>\n\n\n\n<ul class=\"wp-block-list\">\n<li>seria MG\u0141 to przecinarki z wi\u0119ksz\u0105 r\u0105czk\u0105 i w\u00f3zkiem\/g\u0142owic\u0105 na \u0142o\u017cyskach (w MGK ich nie ma)<\/li>\n\n\n\n<li>seria MGK posiada grubsze prowadnice (25x12mm), natomiast w MG\u0141 maj\u0105 wymiar 20x10mm<\/li>\n<\/ul>\n\n\n\n<div style=\"height:20px\" aria-hidden=\"true\" class=\"wp-block-spacer\"><\/div>\n\n\n\n<p class=\"has-vivid-red-color has-text-color has-medium-font-size\"><strong>Czym r\u00f3\u017cni si\u0119 maszynka MGZ 800 od modeli MG\u0141R II 800, MGM 800 i MGK 800?<\/strong><\/p>\n\n\n\n<ul class=\"wp-block-list\">\n<li>seria MGZ posiada boczn\u0105 podpor\u0119, na kt\u00f3rej mo\u017cna wygodnie oprze\u0107 wi\u0119ksze p\u0142ytki (brak podpory przy MG\u0141R II, MGM i MGK)<\/li>\n\n\n\n<li>seria MGZ ma zaokr\u0105glony kszta\u0142t podstawy, a urz\u0105dzenia MG\u0141R II, MGM i MGK maj\u0105 podstaw\u0119 prost\u0105<\/li>\n\n\n\n<li>seria MGZ jest wyposa\u017cona w mechanizm ci\u0119cie-\u0142amanie p\u0142ytek \u2013 posiada on dodatkow\u0105 malutk\u0105 r\u0105czk\u0119 (patrz na dw\u00f3ch bardzo do siebie podobnych zdj\u0119ciach na tej aukcji), kt\u00f3ra podnosi stopk\u0119 \u0142ami\u0105c\u0105 (przy ci\u0119ciu p\u0142ytki) i opuszcza j\u0105 (aby z\u0142ama\u0142a przerysowan\u0105 p\u0142ytk\u0119), natomiast przy MG\u0141R II, MGM i MGK brak mechanizmu<\/li>\n<\/ul>\n\n\n\n<div style=\"height:20px\" aria-hidden=\"true\" class=\"wp-block-spacer\"><\/div>\n\n\n\n<p class=\"has-vivid-red-color has-text-color has-medium-font-size\"><strong>Czym r\u00f3\u017cni si\u0119 dodatkowo maszynka MGZ 800 od mniejszych MGM 800 i MGK 800?<\/strong><\/p>\n\n\n\n<ul class=\"wp-block-list\">\n<li>seria MGZ ma szersz\u0105 podstaw\u0119 ni\u017c MGM i MGK, co czyni j\u0105 bardziej stabiln\u0105 na pod\u0142o\u017cu<\/li>\n<\/ul>\n\n\n\n<div style=\"height:20px\" aria-hidden=\"true\" class=\"wp-block-spacer\"><\/div>\n\n\n\n<p class=\"has-vivid-red-color has-text-color has-medium-font-size\"><strong><strong>Czym r\u00f3\u017cni si\u0119 dodatkowo maszynka MGZ 800 od MGK 800?<\/strong><\/strong><\/p>\n\n\n\n<ul class=\"wp-block-list\">\n<li>seria MGZ ma g\u0142owic\u0119 na \u0142o\u017cyskach (co zapewnia du\u017co lepszy i p\u0142ynniejszy posuw po prowadnicach), a MGK nie posiada \u0142o\u017cysk<\/li>\n<\/ul>\n\n\n\n<div style=\"height:20px\" aria-hidden=\"true\" class=\"wp-block-spacer\"><\/div>\n\n\n\n<p class=\"has-vivid-green-cyan-color has-text-color has-medium-font-size\"><strong><strong><strong>Czym r\u00f3\u017cni si\u0119 maszynka MGM 800 od MGK 800?<\/strong><\/strong><\/strong><\/p>\n\n\n\n<ul class=\"wp-block-list\">\n<li>seria MGM ma g\u0142owic\u0119 na \u0142o\u017cyskach (co zapewnia du\u017co lepszy i p\u0142ynniejszy posuw po prowadnicach), a MGK nie posiada \u0142o\u017cysk<\/li>\n\n\n\n<li>seria MGM posiada amortyzowany blat, co u\u0142atwia prze\u0142amanie naci\u0119tej p\u0142ytki, urz\u0105dzenia MGK nie posiadaj\u0105 amortyzowanego blatu<\/li>\n\n\n\n<li>urz\u0105dzenia serii MGM posiadaj\u0105 szary k\u0105t z k\u0105tomierzem do pomiaru szeroko\u015bci i k\u0105ta ci\u0119cia p\u0142ytki, natomiast MGK ma czarny k\u0105t (bez k\u0105tomierza)<\/li>\n<\/ul>\n\n\n\n<div style=\"height:20px\" aria-hidden=\"true\" class=\"wp-block-spacer\"><\/div>\n\n\n\n<p class=\"has-vivid-green-cyan-color has-text-color has-medium-font-size\"><strong><strong><strong><strong>Czym r\u00f3\u017cni si\u0119 maszynka MGM 800 od MG\u0141R II 800?<\/strong><\/strong><\/strong><\/strong><\/p>\n\n\n\n<ul class=\"wp-block-list\">\n<li>seria MGM ma w\u0119\u017csz\u0105 podstaw\u0119 ni\u017c MG\u0141R II<\/li>\n<\/ul>\n\n\n\n<div style=\"height:20px\" aria-hidden=\"true\" class=\"wp-block-spacer\"><\/div>\n\n\n\n<p class=\"has-vivid-green-cyan-color has-text-color has-medium-font-size\"><strong>Czym r\u00f3\u017cni si\u0119 maszynka MGM 800 od MGZ 800?<\/strong><\/p>\n\n\n\n<ul class=\"wp-block-list\">\n<li>seria MGM nie posiada bocznej podpory do wi\u0119kszych p\u0142ytek, a MGZ j\u0105 ma<\/li>\n<\/ul>\n\n\n\n<div style=\"height:20px\" aria-hidden=\"true\" class=\"wp-block-spacer\"><\/div>\n\n\n\n<p class=\"has-vivid-cyan-blue-color has-text-color has-medium-font-size\"><strong>Czym r\u00f3\u017cni\u0105 si\u0119 przecinarki WALMER w kolorze czerwonym od tych w kolorze \u017c\u00f3\u0142tym?<\/strong><\/p>\n\n\n\n<ul class=\"wp-block-list\">\n<li>r\u00f3\u017cnica jest wy\u0142\u0105cznie w kolorze, dzia\u0142anie i jako\u015b\u0107 przecinarek jest taka sama<\/li>\n\n\n\n<li>r\u00f3\u017cny kolor zale\u017cy wy\u0142\u0105cznie od \u017cyczenia sklepu\/marketu<\/li>\n<\/ul>\n\n\n\n<div style=\"height:20px\" aria-hidden=\"true\" class=\"wp-block-spacer\"><\/div>\n\n\n\n<p class=\"has-vivid-cyan-blue-color has-text-color has-medium-font-size\"><strong>Mam p\u0142ytki o rozmiarze boku 60,3cm. Czy przetn\u0119 je przy u\u017cyciu maszynki MG\u0141 600?<\/strong><\/p>\n\n\n\n<ul class=\"wp-block-list\">\n<li>urz\u0105dzenia, kt\u00f3re maj\u0105 w nazwie 600 mog\u0105 przeci\u0105\u0107 p\u0142ytk\u0119 o maksymalnej d\u0142ugo\u015bci nawet 61cm<\/li>\n\n\n\n<li>istnieje mo\u017cliwo\u015b\u0107 przeci\u0119cia nawet p\u0142ytki o rozmiarze 62cm<\/li>\n\n\n\n<li>ca\u0142a tajemnica tkwi w tym, aby no\u017cyk tn\u0105cy z\u0142apa\u0142 pocz\u0105tek brzegu p\u0142ytki, kt\u00f3r\u0105 chcesz przeci\u0105\u0107<\/li>\n\n\n\n<li>je\u015bli no\u017cyk nie \u0142apie p\u0142ytki o d\u0142ugo\u015bci 61cm, po\u0142\u00f3\u017c na niej drug\u0105 p\u0142ytk\u0119 &#8211; zmniejszysz tym samym odleg\u0142o\u015b\u0107 od powierzchni p\u0142ytki do no\u017cyka i z\u0142apie on ca\u0142\u0105 d\u0142ugo\u015b\u0107 p\u0142ytki<\/li>\n\n\n\n<li>pami\u0119taj jednak, \u017ce aby bezpiecznie z\u0142ama\u0107 tak przerysowan\u0105 p\u0142ytk\u0119, musisz \u015bci\u0105gn\u0105\u0107 t\u0119 spod spodu, ustawi\u0107 g\u0142owic\u0119 na samym ko\u0144cu drogi ci\u0119cia (tak jak to pokazuje zdj\u0119cie nr 6 w instrukcji &#8211; <a rel=\"noreferrer noopener\" href=\"https:\/\/walmer.com.pl\/pl\/instrukcje\/\" target=\"_blank\">tutaj<\/a>), i pewnym zdecydowanym ruchem nacisn\u0105\u0107 r\u0105czk\u0119, tak aby stopka prze\u0142ama\u0142a p\u0142ytk\u0119 (ruch ten mo\u017cna dok\u0142adnie zobaczy\u0107 na filmach instrukta\u017cowych (<a href=\"https:\/\/walmer.com.pl\/pl\/filmy-instruktazowe\/\" target=\"_blank\" rel=\"noreferrer noopener\">tutaj<\/a>)<\/li>\n\n\n\n<li>aby p\u0142ytka prze\u0142ama\u0142a si\u0119 idealnie na ca\u0142ej d\u0142ugo\u015bci, przed jej z\u0142amaniem zobacz, czy no\u017cyk na pewno zarysowa\u0142 ca\u0142\u0105 d\u0142ugo\u015b\u0107 p\u0142ytki, \u0142\u0105cznie z jej brzegami<\/li>\n\n\n\n<li>najcz\u0119stszym powodem, gdy mog\u0105 si\u0119 ukruszy\u0107 brzegi p\u0142ytki jest to, \u017ce nie zosta\u0142y dok\u0142adnie zarysowane k\u00f3\u0142eczkiem tn\u0105cym<\/li>\n<\/ul>\n\n\n\n<div style=\"height:20px\" aria-hidden=\"true\" class=\"wp-block-spacer\"><\/div>\n\n\n\n<p class=\"has-vivid-purple-color has-text-color has-medium-font-size\"><strong>Czy mog\u0119 dokupi\u0107 sam\u0105 stopk\u0119 \u0142ami\u0105c\u0105 p\u0142ytki?<\/strong><\/p>\n\n\n\n<ul class=\"wp-block-list\">\n<li>tak, ale musisz dok\u0142adnie zobaczy\u0107, czy w twojej maszynce stopka jest przykr\u0119cona dwoma uchwytami (stopka 2 uszy), czy jednym (stopka 1 ucho)<\/li>\n\n\n\n<li>stopka 2 uszy jest stosowana w modelach: MG\u0141, MGM, MG\u0141R II, MGP\u0141<\/li>\n\n\n\n<li>stopka 1 ucho jest stosowana w modelach: MG, MGK, MG\u0141N<\/li>\n\n\n\n<li>stopki dost\u0119pne s\u0105 w marketach budowlanych na terenie ca\u0142ej Polski<\/li>\n\n\n\n<li>stopk\u0119 mo\u017cna kupi\u0107 tak\u017ce przez internet<\/li>\n<\/ul>\n","protected":false},"excerpt":{"rendered":"<p>Czym r\u00f3\u017cni si\u0119 maszynka MG\u0141R II 1200 od MG-Profi 1200? Czym r\u00f3\u017cni si\u0119 maszynka MG\u0141 600\/800 od MGK 600\/800? Czym r\u00f3\u017cni si\u0119 maszynka MGZ 800 od modeli MG\u0141R II 800, MGM 800 i MGK 800? Czym r\u00f3\u017cni si\u0119 dodatkowo maszynka MGZ 800 od mniejszych MGM 800 i MGK 800? Czym r\u00f3\u017cni si\u0119 dodatkowo maszynka MGZ <a href=\"https:\/\/walmer.com.pl\/pl\/qa\/\">Read More<\/a><\/p>\n","protected":false},"author":4,"featured_media":0,"parent":0,"menu_order":0,"comment_status":"closed","ping_status":"closed","template":"","meta":{"footnotes":""},"class_list":["post-1172","page","type-page","status-publish","hentry"],"_links":{"self":[{"href":"https:\/\/walmer.com.pl\/pl\/wp-json\/wp\/v2\/pages\/1172","targetHints":{"allow":["GET"]}}],"collection":[{"href":"https:\/\/walmer.com.pl\/pl\/wp-json\/wp\/v2\/pages"}],"about":[{"href":"https:\/\/walmer.com.pl\/pl\/wp-json\/wp\/v2\/types\/page"}],"author":[{"embeddable":true,"href":"https:\/\/walmer.com.pl\/pl\/wp-json\/wp\/v2\/users\/4"}],"replies":[{"embeddable":true,"href":"https:\/\/walmer.com.pl\/pl\/wp-json\/wp\/v2\/comments?post=1172"}],"version-history":[{"count":21,"href":"https:\/\/walmer.com.pl\/pl\/wp-json\/wp\/v2\/pages\/1172\/revisions"}],"predecessor-version":[{"id":1213,"href":"https:\/\/walmer.com.pl\/pl\/wp-json\/wp\/v2\/pages\/1172\/revisions\/1213"}],"wp:attachment":[{"href":"https:\/\/walmer.com.pl\/pl\/wp-json\/wp\/v2\/media?parent=1172"}],"curies":[{"name":"wp","href":"https:\/\/api.w.org\/{rel}","templated":true}]}}