{"id":1149,"date":"2022-11-10T09:43:06","date_gmt":"2022-11-10T08:43:06","guid":{"rendered":"https:\/\/walmer.com.pl\/pl\/?page_id=1149"},"modified":"2023-08-18T12:49:16","modified_gmt":"2023-08-18T10:49:16","slug":"katalog-produktow","status":"publish","type":"page","link":"https:\/\/walmer.com.pl\/pl\/katalog-produktow\/","title":{"rendered":"KATALOG"},"content":{"rendered":"\n<h2 class=\"wp-block-heading\">Pobierz nasz najnowszy katalog produkt\u00f3w<\/h2>\n\n\n\n<h3 class=\"wp-block-heading\">Zobacz co nowego przygotowali\u015bmy dla ciebie<\/h3>\n\n\n\n<h4 class=\"wp-block-heading\">WALMER Urz\u0105dzenia do ci\u0119cia p\u0142ytek<\/h4>\n\n\n\n<div style=\"height:49px\" aria-hidden=\"true\" class=\"wp-block-spacer\"><\/div>\n\n\n\n<div class=\"wp-block-buttons is-layout-flex wp-block-buttons-is-layout-flex\">\n<div class=\"wp-block-button is-style-fill\"><a class=\"wp-block-button__link wp-element-button\" href=\"http:\/\/walmer.com.pl\/pl\/wp-content\/uploads\/2023\/08\/WalmerKatalogProduktow2023.pdf\" target=\"_blank\" rel=\"Katalog produkt\u00f3w noopener\"><strong>Katalog produkt\u00f3w<\/strong><\/a><\/div>\n<\/div>\n\n\n\n<div style=\"height:50px\" aria-hidden=\"true\" class=\"wp-block-spacer\"><\/div>\n\n\n\n<h5 class=\"wp-block-heading\">Katalog jest dost\u0119pny w nast\u0119puj\u0105cych wersjach j\u0119zykowych:<\/h5>\n\n\n\n<ul class=\"wp-block-list\">\n<li>j\u0119zyk polski PL<\/li>\n\n\n\n<li>j\u0119zyk angielski GB<\/li>\n\n\n\n<li>j\u0119zyk niemiecki DE<\/li>\n\n\n\n<li>j\u0119zyk francuski FR<\/li>\n\n\n\n<li>j\u0119zyk czeski CZ<\/li>\n\n\n\n<li>j\u0119zyk w\u0142oski IT<\/li>\n<\/ul>\n","protected":false},"excerpt":{"rendered":"<p>Pobierz nasz najnowszy katalog produkt\u00f3w Zobacz co nowego przygotowali\u015bmy dla ciebie WALMER Urz\u0105dzenia do ci\u0119cia p\u0142ytek Katalog jest dost\u0119pny w nast\u0119puj\u0105cych wersjach j\u0119zykowych:<\/p>\n","protected":false},"author":4,"featured_media":0,"parent":0,"menu_order":2,"comment_status":"closed","ping_status":"closed","template":"","meta":{"footnotes":""},"class_list":["post-1149","page","type-page","status-publish","hentry"],"_links":{"self":[{"href":"https:\/\/walmer.com.pl\/pl\/wp-json\/wp\/v2\/pages\/1149","targetHints":{"allow":["GET"]}}],"collection":[{"href":"https:\/\/walmer.com.pl\/pl\/wp-json\/wp\/v2\/pages"}],"about":[{"href":"https:\/\/walmer.com.pl\/pl\/wp-json\/wp\/v2\/types\/page"}],"author":[{"embeddable":true,"href":"https:\/\/walmer.com.pl\/pl\/wp-json\/wp\/v2\/users\/4"}],"replies":[{"embeddable":true,"href":"https:\/\/walmer.com.pl\/pl\/wp-json\/wp\/v2\/comments?post=1149"}],"version-history":[{"count":9,"href":"https:\/\/walmer.com.pl\/pl\/wp-json\/wp\/v2\/pages\/1149\/revisions"}],"predecessor-version":[{"id":1177,"href":"https:\/\/walmer.com.pl\/pl\/wp-json\/wp\/v2\/pages\/1149\/revisions\/1177"}],"wp:attachment":[{"href":"https:\/\/walmer.com.pl\/pl\/wp-json\/wp\/v2\/media?parent=1149"}],"curies":[{"name":"wp","href":"https:\/\/api.w.org\/{rel}","templated":true}]}}