{"id":1109,"date":"2020-09-16T11:44:30","date_gmt":"2020-09-16T09:44:30","guid":{"rendered":"http:\/\/walmer.com.pl\/pl\/?page_id=1109"},"modified":"2023-08-18T12:46:04","modified_gmt":"2023-08-18T10:46:04","slug":"instrukcje","status":"publish","type":"page","link":"https:\/\/walmer.com.pl\/pl\/instrukcje\/","title":{"rendered":"INSTRUKCJE"},"content":{"rendered":"\n<p>Poni\u017cej mo\u017cesz pobra\u0107 aktualn\u0105 instrukcj\u0119 obs\u0142ugi twojego urz\u0105dzenia:<\/p>\n\n\n\n<ul class=\"has-medium-font-size wp-block-list\"><li><strong>je\u015bli u\u017cywasz urz\u0105dze\u0144 MG lub MG\u0141:<\/strong><\/li><\/ul>\n\n\n\n<div style=\"height:20px\" aria-hidden=\"true\" class=\"wp-block-spacer\"><\/div>\n\n\n\n<div class=\"wp-block-file\"><a href=\"http:\/\/walmer.com.pl\/pl\/wp-content\/uploads\/2020\/09\/WALMERinstrukcjaPLdlaMGL.pdf\">WALMERinstrukcjaPLdlaMGL<\/a><a href=\"http:\/\/walmer.com.pl\/pl\/wp-content\/uploads\/2020\/09\/WALMERinstrukcjaPLdlaMGL.pdf\" class=\"wp-block-file__button\" download>Pobierz<\/a><\/div>\n\n\n\n<div class=\"wp-block-columns is-layout-flex wp-container-core-columns-is-layout-9d6595d7 wp-block-columns-is-layout-flex\">\n<div class=\"wp-block-column is-vertically-aligned-center is-layout-flow wp-block-column-is-layout-flow\" style=\"flex-basis:66.66%\">\n<p><a href=\"http:\/\/walmer.com.pl\/pl\/wp-content\/uploads\/2022\/12\/WALMERinstrukcja9-MGL-en.pdf\" target=\"_blank\" rel=\"noreferrer noopener\">WALMER-Instrukcja9-MGL-en.pdf<\/a><\/p>\n<\/div>\n\n\n\n<div class=\"wp-block-column is-layout-flow wp-block-column-is-layout-flow\" style=\"flex-basis:33.33%\">\n<div class=\"wp-block-buttons is-layout-flex wp-block-buttons-is-layout-flex\">\n<div class=\"wp-block-button\"><a class=\"wp-block-button__link\" href=\"http:\/\/walmer.com.pl\/pl\/wp-content\/uploads\/2022\/12\/WALMERinstrukcja9-MGL-en.pdf\" target=\"_blank\" rel=\"noreferrer noopener\"><strong>Pobierz wersj\u0119 angielsk\u0105<\/strong><\/a><\/div>\n<\/div>\n<\/div>\n<\/div>\n\n\n\n<div class=\"wp-block-columns is-layout-flex wp-container-core-columns-is-layout-9d6595d7 wp-block-columns-is-layout-flex\">\n<div class=\"wp-block-column is-vertically-aligned-center is-layout-flow wp-block-column-is-layout-flow\" style=\"flex-basis:66.66%\">\n<p><a href=\"http:\/\/walmer.com.pl\/pl\/wp-content\/uploads\/2022\/12\/WALMERinstrukcja9-MGL-de.pdf\" target=\"_blank\" rel=\"noreferrer noopener\">WALMER-Instrukcja9-MGL-de.pdf<\/a><\/p>\n<\/div>\n\n\n\n<div class=\"wp-block-column is-layout-flow wp-block-column-is-layout-flow\" style=\"flex-basis:33.33%\">\n<div class=\"wp-block-buttons is-layout-flex wp-block-buttons-is-layout-flex\">\n<div class=\"wp-block-button\"><a class=\"wp-block-button__link\" href=\"http:\/\/walmer.com.pl\/pl\/wp-content\/uploads\/2022\/12\/WALMERinstrukcja9-MGL-de.pdf\" target=\"_blank\" rel=\"noreferrer noopener\"><strong>Pobierz wersj\u0119 niemieck\u0105<\/strong><\/a><\/div>\n<\/div>\n<\/div>\n<\/div>\n\n\n\n<hr class=\"wp-block-separator\"\/>\n\n\n\n<ul class=\"has-medium-font-size wp-block-list\"><li><strong>je\u015bli u\u017cywasz urz\u0105dze\u0144 MG\u0141R II, MGM, MGZ lub MGP\u0141:<\/strong><\/li><\/ul>\n\n\n\n<div style=\"height:20px\" aria-hidden=\"true\" class=\"wp-block-spacer\"><\/div>\n\n\n\n<div class=\"wp-block-file\"><a href=\"http:\/\/walmer.com.pl\/pl\/wp-content\/uploads\/2020\/09\/WALMERinstrukcjaPLdlaMGLR-II-MGM-MGZ-MGPL.pdf\">WALMERinstrukcjaPLdlaMGLR-II-MGM-MGZ-MGPL<\/a><a href=\"http:\/\/walmer.com.pl\/pl\/wp-content\/uploads\/2020\/09\/WALMERinstrukcjaPLdlaMGLR-II-MGM-MGZ-MGPL.pdf\" class=\"wp-block-file__button\" download>Pobierz<\/a><\/div>\n\n\n\n<hr class=\"wp-block-separator\"\/>\n\n\n\n<ul class=\"has-medium-font-size wp-block-list\"><li><strong>je\u015bli u\u017cywasz najnowszego urz\u0105dzenia MG-PROFI 1200:<\/strong><\/li><\/ul>\n\n\n\n<div class=\"wp-block-columns are-vertically-aligned-center is-layout-flex wp-container-core-columns-is-layout-9d6595d7 wp-block-columns-is-layout-flex\">\n<div class=\"wp-block-column is-vertically-aligned-center is-layout-flow wp-block-column-is-layout-flow\" style=\"flex-basis:100%\">\n<div class=\"wp-block-group\"><div class=\"wp-block-group__inner-container is-layout-flow wp-block-group-is-layout-flow\">\n<div class=\"wp-block-columns are-vertically-aligned-center is-layout-flex wp-container-core-columns-is-layout-9d6595d7 wp-block-columns-is-layout-flex\">\n<div class=\"wp-block-column is-vertically-aligned-center is-layout-flow wp-block-column-is-layout-flow\" style=\"flex-basis:50%\">\n<p><a href=\"http:\/\/walmer.com.pl\/pl\/wp-content\/uploads\/2022\/11\/WALMERinstrukcjaMG-PROFI-1200_pl.pdf\" target=\"_blank\" rel=\"noreferrer noopener\">WALMERinstrukcjaMG-PROFI-1200_pl.pdf<\/a><\/p>\n<\/div>\n\n\n\n<div class=\"wp-block-column is-vertically-aligned-center is-layout-flow wp-block-column-is-layout-flow\" style=\"flex-basis:50%\">\n<div class=\"wp-block-buttons is-layout-flex wp-block-buttons-is-layout-flex\">\n<div class=\"wp-block-button\"><a class=\"wp-block-button__link\" href=\"http:\/\/walmer.com.pl\/pl\/wp-content\/uploads\/2022\/11\/WALMERinstrukcjaMG-PROFI-1200_pl.pdf\"><strong>Pobierz wersj\u0119 polsk\u0105<\/strong><\/a><\/div>\n<\/div>\n<\/div>\n<\/div>\n\n\n\n<div class=\"wp-block-columns is-layout-flex wp-container-core-columns-is-layout-9d6595d7 wp-block-columns-is-layout-flex\">\n<div class=\"wp-block-column is-vertically-aligned-center is-layout-flow wp-block-column-is-layout-flow\" style=\"flex-basis:66.66%\">\n<p class=\"has-normal-font-size\"><a href=\"http:\/\/walmer.com.pl\/pl\/wp-content\/uploads\/2022\/12\/WALMERinstrukcjaMG-PROFI-1200_en.pdf\" target=\"_blank\" rel=\"noreferrer noopener\">WALMERinstrukcjaMG-PROFI-1200_en.pdf<\/a><\/p>\n<\/div>\n\n\n\n<div class=\"wp-block-column is-layout-flow wp-block-column-is-layout-flow\"><\/div>\n\n\n\n<div class=\"wp-block-column is-layout-flow wp-block-column-is-layout-flow\" style=\"flex-basis:33.33%\">\n<div class=\"wp-block-buttons is-content-justification-left is-layout-flex wp-block-buttons-is-layout-flex\">\n<div class=\"wp-block-button\"><a class=\"wp-block-button__link\" href=\"http:\/\/walmer.com.pl\/pl\/wp-content\/uploads\/2022\/12\/WALMERinstrukcjaMG-PROFI-1200_en.pdf\" target=\"_blank\" rel=\"noreferrer noopener\"><strong>Pobierz wersj\u0119 angielsk\u0105<\/strong><\/a><\/div>\n<\/div>\n<\/div>\n<\/div>\n<\/div><\/div>\n\n\n\n<div class=\"wp-block-columns is-layout-flex wp-container-core-columns-is-layout-9d6595d7 wp-block-columns-is-layout-flex\">\n<div class=\"wp-block-column is-vertically-aligned-center is-layout-flow wp-block-column-is-layout-flow\" style=\"flex-basis:66.66%\">\n<p><a href=\"http:\/\/walmer.com.pl\/pl\/wp-content\/uploads\/2022\/12\/WALMERinstrukcjaMG-PROFI-1200_de.pdf\" target=\"_blank\" rel=\"noreferrer noopener\">WALMERinstrukcjaMG-PROFI-1200_de.pdf<\/a><\/p>\n<\/div>\n\n\n\n<div class=\"wp-block-column is-layout-flow wp-block-column-is-layout-flow\" style=\"flex-basis:33.33%\">\n<div class=\"wp-block-buttons is-layout-flex wp-block-buttons-is-layout-flex\">\n<div class=\"wp-block-button\"><a class=\"wp-block-button__link\" href=\"http:\/\/walmer.com.pl\/pl\/wp-content\/uploads\/2022\/12\/WALMERinstrukcjaMG-PROFI-1200_de.pdf\" target=\"_blank\" rel=\"noreferrer noopener\"><strong>Pobierz wersj\u0119 niemieck\u0105<\/strong><\/a><\/div>\n<\/div>\n<\/div>\n<\/div>\n<\/div>\n<\/div>\n\n\n\n<p><\/p>\n","protected":false},"excerpt":{"rendered":"<p>Poni\u017cej mo\u017cesz pobra\u0107 aktualn\u0105 instrukcj\u0119 obs\u0142ugi twojego urz\u0105dzenia: je\u015bli u\u017cywasz urz\u0105dze\u0144 MG lub MG\u0141: WALMER-Instrukcja9-MGL-en.pdf WALMER-Instrukcja9-MGL-de.pdf je\u015bli u\u017cywasz urz\u0105dze\u0144 MG\u0141R II, MGM, MGZ lub MGP\u0141: je\u015bli u\u017cywasz najnowszego urz\u0105dzenia MG-PROFI 1200: WALMERinstrukcjaMG-PROFI-1200_pl.pdf WALMERinstrukcjaMG-PROFI-1200_en.pdf WALMERinstrukcjaMG-PROFI-1200_de.pdf<\/p>\n","protected":false},"author":4,"featured_media":0,"parent":0,"menu_order":1,"comment_status":"closed","ping_status":"closed","template":"","meta":{"footnotes":""},"class_list":["post-1109","page","type-page","status-publish","hentry"],"_links":{"self":[{"href":"https:\/\/walmer.com.pl\/pl\/wp-json\/wp\/v2\/pages\/1109","targetHints":{"allow":["GET"]}}],"collection":[{"href":"https:\/\/walmer.com.pl\/pl\/wp-json\/wp\/v2\/pages"}],"about":[{"href":"https:\/\/walmer.com.pl\/pl\/wp-json\/wp\/v2\/types\/page"}],"author":[{"embeddable":true,"href":"https:\/\/walmer.com.pl\/pl\/wp-json\/wp\/v2\/users\/4"}],"replies":[{"embeddable":true,"href":"https:\/\/walmer.com.pl\/pl\/wp-json\/wp\/v2\/comments?post=1109"}],"version-history":[{"count":12,"href":"https:\/\/walmer.com.pl\/pl\/wp-json\/wp\/v2\/pages\/1109\/revisions"}],"predecessor-version":[{"id":1158,"href":"https:\/\/walmer.com.pl\/pl\/wp-json\/wp\/v2\/pages\/1109\/revisions\/1158"}],"wp:attachment":[{"href":"https:\/\/walmer.com.pl\/pl\/wp-json\/wp\/v2\/media?parent=1109"}],"curies":[{"name":"wp","href":"https:\/\/api.w.org\/{rel}","templated":true}]}}