{"id":737,"date":"2013-11-24T22:29:46","date_gmt":"2013-11-24T21:29:46","guid":{"rendered":"http:\/\/walmer.com.pl\/en\/?page_id=737"},"modified":"2020-05-06T08:53:33","modified_gmt":"2020-05-06T06:53:33","slug":"support-for-mgl-devices","status":"publish","type":"page","link":"https:\/\/walmer.com.pl\/en\/training-videos\/support-for-mgl-devices\/","title":{"rendered":"Support for MG\u0141 devices"},"content":{"rendered":"\n<p>The video below shows how to cut tiles using MG\u0141 cutting devices:<\/p>\n\n\n\n<figure class=\"wp-block-embed-youtube wp-block-embed is-type-video is-provider-youtube wp-embed-aspect-16-9 wp-has-aspect-ratio\"><div class=\"wp-block-embed__wrapper\">\n<iframe loading=\"lazy\" title=\"MG\u0141 - jak przeci\u0105\u0107 p\u0142ytk\u0119?\" width=\"500\" height=\"281\" src=\"https:\/\/www.youtube.com\/embed\/BnW1IIFoDYk?feature=oembed\" frameborder=\"0\" allow=\"accelerometer; autoplay; encrypted-media; gyroscope; picture-in-picture\" allowfullscreen><\/iframe>\n<\/div><\/figure>\n\n\n\n<p>It is possible to cut the tiles either in rectangular stripes or along diagonal.<\/p>\n\n\n\n<p>Please notice the rapidity we can cut an ideally straight tile and the possibility of cutting really narrow stripes.<\/p>\n","protected":false},"excerpt":{"rendered":"<p>The video below shows how to cut tiles using MG\u0141 cutting devices: It is possible to cut the tiles either in rectangular stripes or along diagonal. Please notice the rapidity we can cut an ideally straight tile and the possibility of cutting really narrow stripes.<\/p>\n","protected":false},"author":4,"featured_media":0,"parent":462,"menu_order":0,"comment_status":"closed","ping_status":"closed","template":"","meta":{"footnotes":""},"yoast_head":"<!-- This site is optimized with the Yoast SEO plugin v17.1 - https:\/\/yoast.com\/wordpress\/plugins\/seo\/ -->\n<meta name=\"description\" content=\"Need to cut the tile? It is really easy way to do this using Walmer hand cutter MG\u0141. Watch the tutorial and cut your tile.\" \/>\n<meta name=\"robots\" content=\"index, follow, max-snippet:-1, max-image-preview:large, max-video-preview:-1\" \/>\n<link rel=\"canonical\" href=\"https:\/\/walmer.com.pl\/en\/training-videos\/support-for-mgl-devices\/\" \/>\n<script type=\"application\/ld+json\" class=\"yoast-schema-graph\">{\"@context\":\"https:\/\/schema.org\",\"@graph\":[{\"@type\":\"WebSite\",\"@id\":\"https:\/\/walmer.com.pl\/en\/#website\",\"url\":\"https:\/\/walmer.com.pl\/en\/\",\"name\":\"Walmer\",\"description\":\"Our firm is concerned with production of manual instruments to cutting glaze and terracotta. This instruments are very high quality, and are pleased of acknowledgement of European market.\",\"potentialAction\":[{\"@type\":\"SearchAction\",\"target\":{\"@type\":\"EntryPoint\",\"urlTemplate\":\"https:\/\/walmer.com.pl\/en\/?s={search_term_string}\"},\"query-input\":\"required name=search_term_string\"}],\"inLanguage\":\"pl-PL\"},{\"@type\":\"WebPage\",\"@id\":\"https:\/\/walmer.com.pl\/en\/training-videos\/support-for-mgl-devices\/#webpage\",\"url\":\"https:\/\/walmer.com.pl\/en\/training-videos\/support-for-mgl-devices\/\",\"name\":\"Cutting tiles using WALMER hand cutter MG\\u0141 easy and fast - quick tutorial\",\"isPartOf\":{\"@id\":\"https:\/\/walmer.com.pl\/en\/#website\"},\"datePublished\":\"2013-11-24T21:29:46+00:00\",\"dateModified\":\"2020-05-06T06:53:33+00:00\",\"description\":\"Need to cut the tile? It is really easy way to do this using Walmer hand cutter MG\\u0141. Watch the tutorial and cut your tile.\",\"breadcrumb\":{\"@id\":\"https:\/\/walmer.com.pl\/en\/training-videos\/support-for-mgl-devices\/#breadcrumb\"},\"inLanguage\":\"pl-PL\",\"potentialAction\":[{\"@type\":\"ReadAction\",\"target\":[\"https:\/\/walmer.com.pl\/en\/training-videos\/support-for-mgl-devices\/\"]}]},{\"@type\":\"BreadcrumbList\",\"@id\":\"https:\/\/walmer.com.pl\/en\/training-videos\/support-for-mgl-devices\/#breadcrumb\",\"itemListElement\":[{\"@type\":\"ListItem\",\"position\":1,\"name\":\"Home\",\"item\":\"https:\/\/walmer.com.pl\/en\/\"},{\"@type\":\"ListItem\",\"position\":2,\"name\":\"Training videos\",\"item\":\"https:\/\/walmer.com.pl\/en\/training-videos\/\"},{\"@type\":\"ListItem\",\"position\":3,\"name\":\"Support for MG\\u0141 devices\"}]}]}<\/script>\n<!-- \/ Yoast SEO plugin. -->","yoast_head_json":{"description":"Need to cut the tile? It is really easy way to do this using Walmer hand cutter MG\u0141. Watch the tutorial and cut your tile.","robots":{"index":"index","follow":"follow","max-snippet":"max-snippet:-1","max-image-preview":"max-image-preview:large","max-video-preview":"max-video-preview:-1"},"canonical":"https:\/\/walmer.com.pl\/en\/training-videos\/support-for-mgl-devices\/","schema":{"@context":"https:\/\/schema.org","@graph":[{"@type":"WebSite","@id":"https:\/\/walmer.com.pl\/en\/#website","url":"https:\/\/walmer.com.pl\/en\/","name":"Walmer","description":"Our firm is concerned with production of manual instruments to cutting glaze and terracotta. This instruments are very high quality, and are pleased of acknowledgement of European market.","potentialAction":[{"@type":"SearchAction","target":{"@type":"EntryPoint","urlTemplate":"https:\/\/walmer.com.pl\/en\/?s={search_term_string}"},"query-input":"required name=search_term_string"}],"inLanguage":"pl-PL"},{"@type":"WebPage","@id":"https:\/\/walmer.com.pl\/en\/training-videos\/support-for-mgl-devices\/#webpage","url":"https:\/\/walmer.com.pl\/en\/training-videos\/support-for-mgl-devices\/","name":"Cutting tiles using WALMER hand cutter MG\u0141 easy and fast - quick tutorial","isPartOf":{"@id":"https:\/\/walmer.com.pl\/en\/#website"},"datePublished":"2013-11-24T21:29:46+00:00","dateModified":"2020-05-06T06:53:33+00:00","description":"Need to cut the tile? It is really easy way to do this using Walmer hand cutter MG\u0141. Watch the tutorial and cut your tile.","breadcrumb":{"@id":"https:\/\/walmer.com.pl\/en\/training-videos\/support-for-mgl-devices\/#breadcrumb"},"inLanguage":"pl-PL","potentialAction":[{"@type":"ReadAction","target":["https:\/\/walmer.com.pl\/en\/training-videos\/support-for-mgl-devices\/"]}]},{"@type":"BreadcrumbList","@id":"https:\/\/walmer.com.pl\/en\/training-videos\/support-for-mgl-devices\/#breadcrumb","itemListElement":[{"@type":"ListItem","position":1,"name":"Home","item":"https:\/\/walmer.com.pl\/en\/"},{"@type":"ListItem","position":2,"name":"Training videos","item":"https:\/\/walmer.com.pl\/en\/training-videos\/"},{"@type":"ListItem","position":3,"name":"Support for MG\u0141 devices"}]}]}},"_links":{"self":[{"href":"https:\/\/walmer.com.pl\/en\/wp-json\/wp\/v2\/pages\/737"}],"collection":[{"href":"https:\/\/walmer.com.pl\/en\/wp-json\/wp\/v2\/pages"}],"about":[{"href":"https:\/\/walmer.com.pl\/en\/wp-json\/wp\/v2\/types\/page"}],"author":[{"embeddable":true,"href":"https:\/\/walmer.com.pl\/en\/wp-json\/wp\/v2\/users\/4"}],"replies":[{"embeddable":true,"href":"https:\/\/walmer.com.pl\/en\/wp-json\/wp\/v2\/comments?post=737"}],"version-history":[{"count":12,"href":"https:\/\/walmer.com.pl\/en\/wp-json\/wp\/v2\/pages\/737\/revisions"}],"predecessor-version":[{"id":1084,"href":"https:\/\/walmer.com.pl\/en\/wp-json\/wp\/v2\/pages\/737\/revisions\/1084"}],"up":[{"embeddable":true,"href":"https:\/\/walmer.com.pl\/en\/wp-json\/wp\/v2\/pages\/462"}],"wp:attachment":[{"href":"https:\/\/walmer.com.pl\/en\/wp-json\/wp\/v2\/media?parent=737"}],"curies":[{"name":"wp","href":"https:\/\/api.w.org\/{rel}","templated":true}]}}