{"id":749,"date":"2013-11-24T22:40:07","date_gmt":"2013-11-24T21:40:07","guid":{"rendered":"http:\/\/walmer.com.pl\/de\/?page_id=749"},"modified":"2020-05-06T13:20:53","modified_gmt":"2020-05-06T11:20:53","slug":"maschinen-serie-mgm","status":"publish","type":"page","link":"https:\/\/walmer.com.pl\/de\/anleitungsfilme\/maschinen-serie-mgm\/","title":{"rendered":"Fliesenschneider MGM"},"content":{"rendered":"\n<p>Das folgende Video zeigt, wie Fliesen mit MGM-Schneidger\u00e4ten geschnitten werden:<\/p>\n\n\n\n<figure class=\"wp-block-embed-youtube wp-block-embed is-type-video is-provider-youtube wp-embed-aspect-16-9 wp-has-aspect-ratio\"><div class=\"wp-block-embed__wrapper\">\n<iframe loading=\"lazy\" title=\"MGM - jak przeci\u0105\u0107 p\u0142ytk\u0119?\" width=\"500\" height=\"281\" src=\"https:\/\/www.youtube.com\/embed\/sYjVhobPdmc?feature=oembed\" frameborder=\"0\" allow=\"accelerometer; autoplay; encrypted-media; gyroscope; picture-in-picture\" allowfullscreen><\/iframe>\n<\/div><\/figure>\n\n\n\n<p>Es ist m\u00f6glich, die Fliesen entweder in rechteckigen Streifen oder entlang einer Diagonale zu schneiden.<\/p>\n\n\n\n<p>Bitte beachten Sie die Schnelligkeit, mit der wir eine ideal gerade Fliese schneiden k\u00f6nnen, und die M\u00f6glichkeit, wirklich schmale Streifen zu schneiden.<\/p>\n","protected":false},"excerpt":{"rendered":"<p>Das folgende Video zeigt, wie Fliesen mit MGM-Schneidger\u00e4ten geschnitten werden: Es ist m\u00f6glich, die Fliesen entweder in rechteckigen Streifen oder entlang einer Diagonale zu schneiden. Bitte beachten Sie die Schnelligkeit, mit der wir eine ideal gerade Fliese schneiden k\u00f6nnen, und die M\u00f6glichkeit, wirklich schmale Streifen zu schneiden.<\/p>\n","protected":false},"author":4,"featured_media":0,"parent":462,"menu_order":2,"comment_status":"closed","ping_status":"closed","template":"","meta":{"footnotes":""},"yoast_head":"<!-- This site is optimized with the Yoast SEO plugin v17.1 - https:\/\/yoast.com\/wordpress\/plugins\/seo\/ -->\n<meta name=\"robots\" content=\"index, follow, max-snippet:-1, max-image-preview:large, max-video-preview:-1\" \/>\n<link rel=\"canonical\" href=\"https:\/\/walmer.com.pl\/de\/anleitungsfilme\/maschinen-serie-mgm\/\" \/>\n<script type=\"application\/ld+json\" class=\"yoast-schema-graph\">{\"@context\":\"https:\/\/schema.org\",\"@graph\":[{\"@type\":\"WebSite\",\"@id\":\"https:\/\/walmer.com.pl\/de\/#website\",\"url\":\"https:\/\/walmer.com.pl\/de\/\",\"name\":\"Walmer\",\"description\":\"Unsere Firma besch\\u00e4ftigt sich mit der Herstellung von Ger\\u00e4ten und Anlagen zum Fliesen- und Terrakottaschneiden. Diese Ger\\u00e4te und Anlagen sind von h\\u00f6chster Qualit\\u00e4t und finden Anerkennung auf dem europ\\u00e4ischen Markt.\",\"potentialAction\":[{\"@type\":\"SearchAction\",\"target\":{\"@type\":\"EntryPoint\",\"urlTemplate\":\"https:\/\/walmer.com.pl\/de\/?s={search_term_string}\"},\"query-input\":\"required name=search_term_string\"}],\"inLanguage\":\"pl-PL\"},{\"@type\":\"WebPage\",\"@id\":\"https:\/\/walmer.com.pl\/de\/anleitungsfilme\/maschinen-serie-mgm\/#webpage\",\"url\":\"https:\/\/walmer.com.pl\/de\/anleitungsfilme\/maschinen-serie-mgm\/\",\"name\":\"Fliesenschneider MGM - Walmer\",\"isPartOf\":{\"@id\":\"https:\/\/walmer.com.pl\/de\/#website\"},\"datePublished\":\"2013-11-24T21:40:07+00:00\",\"dateModified\":\"2020-05-06T11:20:53+00:00\",\"breadcrumb\":{\"@id\":\"https:\/\/walmer.com.pl\/de\/anleitungsfilme\/maschinen-serie-mgm\/#breadcrumb\"},\"inLanguage\":\"pl-PL\",\"potentialAction\":[{\"@type\":\"ReadAction\",\"target\":[\"https:\/\/walmer.com.pl\/de\/anleitungsfilme\/maschinen-serie-mgm\/\"]}]},{\"@type\":\"BreadcrumbList\",\"@id\":\"https:\/\/walmer.com.pl\/de\/anleitungsfilme\/maschinen-serie-mgm\/#breadcrumb\",\"itemListElement\":[{\"@type\":\"ListItem\",\"position\":1,\"name\":\"Home\",\"item\":\"https:\/\/walmer.com.pl\/de\/\"},{\"@type\":\"ListItem\",\"position\":2,\"name\":\"Anleitungsfilme\",\"item\":\"https:\/\/walmer.com.pl\/de\/anleitungsfilme\/\"},{\"@type\":\"ListItem\",\"position\":3,\"name\":\"Fliesenschneider MGM\"}]}]}<\/script>\n<!-- \/ Yoast SEO plugin. -->","yoast_head_json":{"robots":{"index":"index","follow":"follow","max-snippet":"max-snippet:-1","max-image-preview":"max-image-preview:large","max-video-preview":"max-video-preview:-1"},"canonical":"https:\/\/walmer.com.pl\/de\/anleitungsfilme\/maschinen-serie-mgm\/","schema":{"@context":"https:\/\/schema.org","@graph":[{"@type":"WebSite","@id":"https:\/\/walmer.com.pl\/de\/#website","url":"https:\/\/walmer.com.pl\/de\/","name":"Walmer","description":"Unsere Firma besch\u00e4ftigt sich mit der Herstellung von Ger\u00e4ten und Anlagen zum Fliesen- und Terrakottaschneiden. Diese Ger\u00e4te und Anlagen sind von h\u00f6chster Qualit\u00e4t und finden Anerkennung auf dem europ\u00e4ischen Markt.","potentialAction":[{"@type":"SearchAction","target":{"@type":"EntryPoint","urlTemplate":"https:\/\/walmer.com.pl\/de\/?s={search_term_string}"},"query-input":"required name=search_term_string"}],"inLanguage":"pl-PL"},{"@type":"WebPage","@id":"https:\/\/walmer.com.pl\/de\/anleitungsfilme\/maschinen-serie-mgm\/#webpage","url":"https:\/\/walmer.com.pl\/de\/anleitungsfilme\/maschinen-serie-mgm\/","name":"Fliesenschneider MGM - Walmer","isPartOf":{"@id":"https:\/\/walmer.com.pl\/de\/#website"},"datePublished":"2013-11-24T21:40:07+00:00","dateModified":"2020-05-06T11:20:53+00:00","breadcrumb":{"@id":"https:\/\/walmer.com.pl\/de\/anleitungsfilme\/maschinen-serie-mgm\/#breadcrumb"},"inLanguage":"pl-PL","potentialAction":[{"@type":"ReadAction","target":["https:\/\/walmer.com.pl\/de\/anleitungsfilme\/maschinen-serie-mgm\/"]}]},{"@type":"BreadcrumbList","@id":"https:\/\/walmer.com.pl\/de\/anleitungsfilme\/maschinen-serie-mgm\/#breadcrumb","itemListElement":[{"@type":"ListItem","position":1,"name":"Home","item":"https:\/\/walmer.com.pl\/de\/"},{"@type":"ListItem","position":2,"name":"Anleitungsfilme","item":"https:\/\/walmer.com.pl\/de\/anleitungsfilme\/"},{"@type":"ListItem","position":3,"name":"Fliesenschneider MGM"}]}]}},"_links":{"self":[{"href":"https:\/\/walmer.com.pl\/de\/wp-json\/wp\/v2\/pages\/749"}],"collection":[{"href":"https:\/\/walmer.com.pl\/de\/wp-json\/wp\/v2\/pages"}],"about":[{"href":"https:\/\/walmer.com.pl\/de\/wp-json\/wp\/v2\/types\/page"}],"author":[{"embeddable":true,"href":"https:\/\/walmer.com.pl\/de\/wp-json\/wp\/v2\/users\/4"}],"replies":[{"embeddable":true,"href":"https:\/\/walmer.com.pl\/de\/wp-json\/wp\/v2\/comments?post=749"}],"version-history":[{"count":6,"href":"https:\/\/walmer.com.pl\/de\/wp-json\/wp\/v2\/pages\/749\/revisions"}],"predecessor-version":[{"id":1099,"href":"https:\/\/walmer.com.pl\/de\/wp-json\/wp\/v2\/pages\/749\/revisions\/1099"}],"up":[{"embeddable":true,"href":"https:\/\/walmer.com.pl\/de\/wp-json\/wp\/v2\/pages\/462"}],"wp:attachment":[{"href":"https:\/\/walmer.com.pl\/de\/wp-json\/wp\/v2\/media?parent=749"}],"curies":[{"name":"wp","href":"https:\/\/api.w.org\/{rel}","templated":true}]}}