{"id":689,"date":"2013-11-23T01:51:17","date_gmt":"2013-11-23T00:51:17","guid":{"rendered":"http:\/\/walmer.com.pl\/de\/?page_id=689"},"modified":"2013-12-18T13:01:23","modified_gmt":"2013-12-18T12:01:23","slug":"angebot","status":"publish","type":"page","link":"https:\/\/walmer.com.pl\/de\/angebot\/","title":{"rendered":"Angebot"},"content":{"rendered":"<h3 class=\"title\"><span> Unser Angebot <\/span><\/h3>\n<p>Wir bieten Ger\u00e4te und Anlagen zum Fliesen- und Terrakottaschneiden von hoher Qualit\u00e4t.<\/p>\n<style type=\"text\/css\">\r\n.product {\r\n   width: 450px;\r\n   height: 176px;\r\n   margin-right: 37px;\r\n   margin-bottom: 37px;\r\n   display: inline-block;\r\n   float: left;\r\n}\r\n.product .hover {\r\n   opacity: 0;\r\n}\r\n.product:hover .hover {\r\n   background: rgba(0,0,0,0.9);\r\n   opacity: 1;\r\n   width: 100%;\r\n   height: 100%;\r\n}\r\n.product .hover .text {\r\n   text-align: center;\r\n   padding-top: 70px;\r\n   \r\n}\r\n.product .hover h1 {\r\n   color: rgb(255,255,255);\r\n   font-size: 18px;\r\n   font-family: Arial;\r\n   font-weight: bold;\r\n   line-height: 16px;\r\n   padding-bottom: 5px;\r\n}\r\n.product .hover h2 {\r\n   color: #747474;\r\n   font-size: 14px;\r\n   font-family: Arial;\r\n   font-weight: bold;\r\n   line-height: 12px;\r\n}\r\n.product2 {\r\n   width: 450px;\r\n   height: 176px;\r\n   margin-right: 37px;\r\n   margin-bottom: 37px;\r\n   display: inline-block;\r\n   float: left;\r\n}\r\n.product2 .hover {\r\n   opacity: 0;\r\n}\r\n.product2:hover .hover {\r\n   background: rgba(0,0,0,0.9);\r\n   opacity: 1;\r\n   width: 100%;\r\n   height: 100%;\r\n}\r\n.product2 .hover .text {\r\n   text-align: center;\r\n   padding-top: 77px;\r\n}\r\n.product2 .hover h1 {\r\n   color: rgb(255,255,255);\r\n   font-size: 18px;\r\n   font-family: Arial;\r\n   font-weight: bold;\r\n   line-height: 16px;\r\n   padding-bottom: 5px;\r\n}\r\n.product2 .hover h2 {\r\n   color: #545454;\r\n   font-size: 14px;\r\n   font-family: Arial;\r\n   font-weight: bold;\r\n   line-height: 12px;\r\n}\r\n.clear {\r\n   clear: both;\r\n}\r\n<\/style>\r\n<!-- to samo Ci spadnie jak masz ograniczenie szerokosci -->\r\n<!-- jak nie to uzywaj <div class=\"clear\"><\/div> -->\r\n\r\n<a href=\"http:\/\/walmer.com.pl\/de\/angebot\/serie-mgpl\/\">\r\n<div style=\"width: 1020px; padding-top: 10px;\">\r\n   <div style=\"background-image: url(http:\/\/walmer.com.pl\/pl\/wp-content\/uploads\/2014\/10\/mgpl-min.png);\" class=\"product\">\r\n      \r\n      <div class=\"hover\">\r\n         <div class=\"text\">\r\n            <h1>Serie MGP\u0141<\/h1>\r\n            <h2>MGP\u0141-600<\/h2>\r\n         <\/div> \r\n      <\/div>\r\n      \r\n   <\/div>\r\n<\/a>\r\n\r\n<a href=\"http:\/\/walmer.com.pl\/de\/angebot\/serie-mgln\/\">\r\n<div style=\"width: 1020px; padding-top: 10px;\">\r\n   <div style=\"background-image: url(http:\/\/walmer.com.pl\/de\/wp-content\/uploads\/2013\/12\/mgln-min.png);\" class=\"product\">\r\n      \r\n      <div class=\"hover\">\r\n         <div class=\"text\">\r\n            <h1>Serie MG\u0141N<\/h1>\r\n            <h2>MG\u0141N-600<\/h2>\r\n         <\/div> \r\n      <\/div>\r\n      \r\n   <\/div>\r\n<\/a>\r\n\r\n<a href=\"http:\/\/walmer.com.pl\/de\/angebot\/serie-mgl\/\">   \r\n   <div style=\"background-image: url(http:\/\/walmer.com.pl\/de\/wp-content\/uploads\/2013\/12\/mgl-min.png);\" class=\"product\">\r\n      \r\n      <div class=\"hover\">\r\n         <div class=\"text\">\r\n            <h1>Serie MG\u0141<\/h1>\r\n            <h2>MG\u0141-400, MG\u0141-500, MG\u0141-600<\/h2>\r\n         <\/div> \r\n      <\/div>\r\n      \r\n   <\/div>\r\n<\/a>\r\n \r\n<a href=\"http:\/\/walmer.com.pl\/de\/angebot\/serie-mg\/\">  \r\n   <div style=\"background-image: url(http:\/\/walmer.com.pl\/de\/wp-content\/uploads\/2013\/12\/mg-min.png);\" class=\"product\">\r\n      \r\n      <div class=\"hover\">\r\n         <div class=\"text\">\r\n            <h1>Serie MG<\/h1>\r\n            <h2>MG-400, MG-600<\/h2>\r\n         <\/div> \r\n      <\/div>\r\n      \r\n   <\/div>\r\n<\/a>\r\n   \r\n<a href=\"http:\/\/walmer.com.pl\/de\/angebot\/serie-mglr\/\"> \r\n  <div style=\"background-image: url(http:\/\/walmer.com.pl\/de\/wp-content\/uploads\/2013\/12\/mglr-min.png);\" class=\"product\">\r\n      \r\n      <div class=\"hover\">\r\n         <div class=\"text\">\r\n            <h1>Serie MG\u0141R<\/h1>\r\n            <h2>MG\u0141R-500, MG\u0141R-600, MG\u0141R-800, MG\u0141R-1000, MG\u0141R-1200<\/h2>\r\n         <\/div> \r\n      <\/div>      \r\n   <\/div>\r\n<\/a>\r\n\r\n<a href=\"http:\/\/walmer.com.pl\/de\/angebot\/serie-mgm\/\">\r\n<div style=\"background-image: url(http:\/\/walmer.com.pl\/de\/wp-content\/uploads\/2013\/12\/mgm-min.png);\" class=\"product\">\r\n      \r\n      <div class=\"hover\">\r\n         <div class=\"text\">\r\n            <h1>Serie MGM<\/h1>\r\n            <h2>MGM-600, MGM-800<\/h2>\r\n         <\/div> \r\n      <\/div>      \r\n   <\/div>\r\n<\/a>\r\n\r\n<a href=\"http:\/\/walmer.com.pl\/de\/angebot\/serie-mglw\/\">\r\n<div style=\"background-image: url(http:\/\/walmer.com.pl\/de\/wp-content\/uploads\/2013\/12\/mglw-min.png);\" class=\"product\">\r\n      \r\n      <div class=\"hover\">\r\n         <div class=\"text\">\r\n            <h1>Serie MG\u0141W<\/h1>\r\n            <h2>MG\u0141W-450, MG\u0141W-550<\/h2>\r\n         <\/div> \r\n      <\/div>      \r\n   <\/div>\r\n\r\n<a href=\"http:\/\/walmer.com.pl\/de\/angebot\/serie-mgz\/\">\r\n<div style=\"background-image: url(http:\/\/walmer.com.pl\/de\/wp-content\/uploads\/2013\/12\/mgz-min.png);\" class=\"product\">\r\n      \r\n      <div class=\"hover\">\r\n         <div class=\"text\">\r\n            <h1>Serie MGZ<\/h1>\r\n            <h2>MGZ-600, MGZ-800<\/h2>\r\n         <\/div> \r\n      <\/div>      \r\n   <\/div>\r\n\r\n<a href=\"http:\/\/walmer.com.pl\/de\/angebot\/Zahnspachtel\/\">   \r\n<div style=\"background-image: url(http:\/\/walmer.com.pl\/pl\/wp-content\/uploads\/2014\/10\/paca-min.png);\" class=\"product2\">\r\n      \r\n      <div class=\"hover\">\r\n         <div class=\"text\">\r\n            <h1>Zahnspachtel<\/h1> \r\n         <\/div> \r\n      <\/div>      \r\n   <\/div>\r\n<\/a>\r\n   \r\n<a href=\"http:\/\/walmer.com.pl\/de\/angebot\/fliesenschneider-messer\/ \">\r\n<div style=\"background-image: url(http:\/\/walmer.com.pl\/de\/wp-content\/uploads\/2013\/12\/nozyk-min.png);\" class=\"product2\">\r\n      \r\n      <div class=\"hover\">\r\n         <div class=\"text\">\r\n            <h1>Fliesenschneider Messer<\/h1>\r\n         <\/div> \r\n      <\/div>      \r\n   <\/div>\r\n<\/a>\r\n\r\n<a href=\"http:\/\/walmer.com.pl\/de\/angebot\/schneideradchen\/\">   \r\n<div style=\"background-image: url(http:\/\/walmer.com.pl\/de\/wp-content\/uploads\/2013\/12\/kolko-min.png);\" class=\"product2\">\r\n      \r\n      <div class=\"hover\">\r\n         <div class=\"text\">\r\n            <h1>Schneider\u00e4dchen<\/h1>\r\n         <\/div> \r\n      <\/div>      \r\n   <\/div>\r\n<\/a>\r\n\r\n<a href=\"http:\/\/walmer.com.pl\/de\/angebot\/unterlage-fur-das-fliesenlegen\/\">   \r\n<div style=\"background-image: url(http:\/\/walmer.com.pl\/de\/wp-content\/uploads\/2013\/12\/podstawka-min.png);\" class=\"product2\">\r\n      \r\n      <div class=\"hover\">\r\n         <div class=\"text\">\r\n            <h1>Unterlage f\u00fcr das Fliesenlegen<\/h1> \r\n         <\/div> \r\n      <\/div>      \r\n   <\/div>\r\n<\/a>\r\n   \r\n   <!-- to musi byc pod wszystkimi tymi divami -->\r\n   <div class=\"clear\"><\/div>\r\n   \r\n<\/div>\n","protected":false},"excerpt":{"rendered":"<p>Wir bieten Ger\u00e4te und Anlagen zum Fliesen- und Terrakottaschneiden von hoher Qualit\u00e4t.<\/p>\n","protected":false},"author":4,"featured_media":0,"parent":0,"menu_order":0,"comment_status":"closed","ping_status":"closed","template":"","meta":{"footnotes":""},"yoast_head":"<!-- This site is optimized with the Yoast SEO plugin v17.1 - https:\/\/yoast.com\/wordpress\/plugins\/seo\/ -->\n<meta name=\"description\" content=\"Szukasz odpowiedniego urz\u0105dzenia dla Ciebie? Firma walmer oferuje wysokiej jako\u015bci urz\u0105dzenia do ci\u0119cia glazury i terakoty. Kliknij i sprawd\u017a nas\u0105 ofert\u0119.\" \/>\n<meta name=\"robots\" content=\"index, follow, max-snippet:-1, max-image-preview:large, max-video-preview:-1\" \/>\n<link rel=\"canonical\" href=\"https:\/\/walmer.com.pl\/de\/angebot\/\" \/>\n<script type=\"application\/ld+json\" class=\"yoast-schema-graph\">{\"@context\":\"https:\/\/schema.org\",\"@graph\":[{\"@type\":\"WebSite\",\"@id\":\"https:\/\/walmer.com.pl\/de\/#website\",\"url\":\"https:\/\/walmer.com.pl\/de\/\",\"name\":\"Walmer\",\"description\":\"Unsere Firma besch\\u00e4ftigt sich mit der Herstellung von Ger\\u00e4ten und Anlagen zum Fliesen- und Terrakottaschneiden. Diese Ger\\u00e4te und Anlagen sind von h\\u00f6chster Qualit\\u00e4t und finden Anerkennung auf dem europ\\u00e4ischen Markt.\",\"potentialAction\":[{\"@type\":\"SearchAction\",\"target\":{\"@type\":\"EntryPoint\",\"urlTemplate\":\"https:\/\/walmer.com.pl\/de\/?s={search_term_string}\"},\"query-input\":\"required name=search_term_string\"}],\"inLanguage\":\"pl-PL\"},{\"@type\":\"WebPage\",\"@id\":\"https:\/\/walmer.com.pl\/de\/angebot\/#webpage\",\"url\":\"https:\/\/walmer.com.pl\/de\/angebot\/\",\"name\":\"Nasza oferta - Walmer\",\"isPartOf\":{\"@id\":\"https:\/\/walmer.com.pl\/de\/#website\"},\"datePublished\":\"2013-11-23T00:51:17+00:00\",\"dateModified\":\"2013-12-18T12:01:23+00:00\",\"description\":\"Szukasz odpowiedniego urz\\u0105dzenia dla Ciebie? Firma walmer oferuje wysokiej jako\\u015bci urz\\u0105dzenia do ci\\u0119cia glazury i terakoty. Kliknij i sprawd\\u017a nas\\u0105 ofert\\u0119.\",\"breadcrumb\":{\"@id\":\"https:\/\/walmer.com.pl\/de\/angebot\/#breadcrumb\"},\"inLanguage\":\"pl-PL\",\"potentialAction\":[{\"@type\":\"ReadAction\",\"target\":[\"https:\/\/walmer.com.pl\/de\/angebot\/\"]}]},{\"@type\":\"BreadcrumbList\",\"@id\":\"https:\/\/walmer.com.pl\/de\/angebot\/#breadcrumb\",\"itemListElement\":[{\"@type\":\"ListItem\",\"position\":1,\"name\":\"Home\",\"item\":\"https:\/\/walmer.com.pl\/de\/\"},{\"@type\":\"ListItem\",\"position\":2,\"name\":\"Angebot\"}]}]}<\/script>\n<!-- \/ Yoast SEO plugin. -->","yoast_head_json":{"description":"Szukasz odpowiedniego urz\u0105dzenia dla Ciebie? Firma walmer oferuje wysokiej jako\u015bci urz\u0105dzenia do ci\u0119cia glazury i terakoty. Kliknij i sprawd\u017a nas\u0105 ofert\u0119.","robots":{"index":"index","follow":"follow","max-snippet":"max-snippet:-1","max-image-preview":"max-image-preview:large","max-video-preview":"max-video-preview:-1"},"canonical":"https:\/\/walmer.com.pl\/de\/angebot\/","schema":{"@context":"https:\/\/schema.org","@graph":[{"@type":"WebSite","@id":"https:\/\/walmer.com.pl\/de\/#website","url":"https:\/\/walmer.com.pl\/de\/","name":"Walmer","description":"Unsere Firma besch\u00e4ftigt sich mit der Herstellung von Ger\u00e4ten und Anlagen zum Fliesen- und Terrakottaschneiden. Diese Ger\u00e4te und Anlagen sind von h\u00f6chster Qualit\u00e4t und finden Anerkennung auf dem europ\u00e4ischen Markt.","potentialAction":[{"@type":"SearchAction","target":{"@type":"EntryPoint","urlTemplate":"https:\/\/walmer.com.pl\/de\/?s={search_term_string}"},"query-input":"required name=search_term_string"}],"inLanguage":"pl-PL"},{"@type":"WebPage","@id":"https:\/\/walmer.com.pl\/de\/angebot\/#webpage","url":"https:\/\/walmer.com.pl\/de\/angebot\/","name":"Nasza oferta - Walmer","isPartOf":{"@id":"https:\/\/walmer.com.pl\/de\/#website"},"datePublished":"2013-11-23T00:51:17+00:00","dateModified":"2013-12-18T12:01:23+00:00","description":"Szukasz odpowiedniego urz\u0105dzenia dla Ciebie? Firma walmer oferuje wysokiej jako\u015bci urz\u0105dzenia do ci\u0119cia glazury i terakoty. Kliknij i sprawd\u017a nas\u0105 ofert\u0119.","breadcrumb":{"@id":"https:\/\/walmer.com.pl\/de\/angebot\/#breadcrumb"},"inLanguage":"pl-PL","potentialAction":[{"@type":"ReadAction","target":["https:\/\/walmer.com.pl\/de\/angebot\/"]}]},{"@type":"BreadcrumbList","@id":"https:\/\/walmer.com.pl\/de\/angebot\/#breadcrumb","itemListElement":[{"@type":"ListItem","position":1,"name":"Home","item":"https:\/\/walmer.com.pl\/de\/"},{"@type":"ListItem","position":2,"name":"Angebot"}]}]}},"_links":{"self":[{"href":"https:\/\/walmer.com.pl\/de\/wp-json\/wp\/v2\/pages\/689"}],"collection":[{"href":"https:\/\/walmer.com.pl\/de\/wp-json\/wp\/v2\/pages"}],"about":[{"href":"https:\/\/walmer.com.pl\/de\/wp-json\/wp\/v2\/types\/page"}],"author":[{"embeddable":true,"href":"https:\/\/walmer.com.pl\/de\/wp-json\/wp\/v2\/users\/4"}],"replies":[{"embeddable":true,"href":"https:\/\/walmer.com.pl\/de\/wp-json\/wp\/v2\/comments?post=689"}],"version-history":[{"count":7,"href":"https:\/\/walmer.com.pl\/de\/wp-json\/wp\/v2\/pages\/689\/revisions"}],"predecessor-version":[{"id":968,"href":"https:\/\/walmer.com.pl\/de\/wp-json\/wp\/v2\/pages\/689\/revisions\/968"}],"wp:attachment":[{"href":"https:\/\/walmer.com.pl\/de\/wp-json\/wp\/v2\/media?parent=689"}],"curies":[{"name":"wp","href":"https:\/\/api.w.org\/{rel}","templated":true}]}}