{"id":462,"date":"2012-02-08T13:02:27","date_gmt":"2012-02-08T13:02:27","guid":{"rendered":"http:\/\/walmer.com.pl\/de\/?page_id=462"},"modified":"2020-05-06T13:12:09","modified_gmt":"2020-05-06T11:12:09","slug":"anleitungsfilme","status":"publish","type":"page","link":"https:\/\/walmer.com.pl\/de\/anleitungsfilme\/","title":{"rendered":"Anleitungsfilme"},"content":{"rendered":"<h3 class=\"title\"><span>Bedienung von Maschinen der Firma Walmer <\/span><\/h3>\n<p>Immer bem\u00fchen wir uns den Anforderungen der Kunden gerecht zu werden, deshalb auch haben wir eine Serie von Anleitungsfilmen vorbereitet, wo Sie sich genau ansehen k\u00f6nnen, wie leicht es ist, Gebrauch von unseren Produkten zu machen, wobei die Arbeitssicherheit immer gew\u00e4hrleistet wird.<\/p>\n\n\n<p>Es ist m\u00f6glich, die Fliesen entweder in rechteckigen Streifen oder entlang einer Diagonale zu schneiden.<\/p>\n\n\n\n<p>Bitte beachten Sie die Schnelligkeit, mit der wir eine ideal gerade Fliese schneiden k\u00f6nnen, und die M\u00f6glichkeit, wirklich schmale Streifen zu schneiden.<\/p>\n\n\n\n<p><strong>Fliesenschneider MGM:<\/strong><\/p>\n\n\n\n<figure class=\"wp-block-embed-youtube wp-block-embed is-type-video is-provider-youtube wp-embed-aspect-16-9 wp-has-aspect-ratio\"><div class=\"wp-block-embed__wrapper\">\n<iframe loading=\"lazy\" title=\"MGM - jak przeci\u0105\u0107 p\u0142ytk\u0119?\" width=\"500\" height=\"281\" src=\"https:\/\/www.youtube.com\/embed\/sYjVhobPdmc?feature=oembed\" frameborder=\"0\" allow=\"accelerometer; autoplay; encrypted-media; gyroscope; picture-in-picture\" allowfullscreen><\/iframe>\n<\/div><\/figure>\n\n\n\n<p><strong>Fliesenschneider MG\u0141R II:<\/strong><\/p>\n\n\n\n<figure class=\"wp-block-embed-youtube wp-block-embed is-type-video is-provider-youtube wp-embed-aspect-16-9 wp-has-aspect-ratio\"><div class=\"wp-block-embed__wrapper\">\n<iframe loading=\"lazy\" title=\"MG\u0141R II - jak przeci\u0105\u0107 p\u0142ytk\u0119?\" width=\"500\" height=\"281\" src=\"https:\/\/www.youtube.com\/embed\/BGfHaSCnCv0?feature=oembed\" frameborder=\"0\" allow=\"accelerometer; autoplay; encrypted-media; gyroscope; picture-in-picture\" allowfullscreen><\/iframe>\n<\/div><\/figure>\n\n\n\n<p><strong>Fliesenschneider MG\u0141:<\/strong><\/p>\n\n\n\n<figure class=\"wp-block-embed-youtube wp-block-embed is-type-video is-provider-youtube wp-embed-aspect-16-9 wp-has-aspect-ratio\"><div class=\"wp-block-embed__wrapper\">\n<iframe loading=\"lazy\" title=\"MG\u0141 - jak przeci\u0105\u0107 p\u0142ytk\u0119?\" width=\"500\" height=\"281\" src=\"https:\/\/www.youtube.com\/embed\/BnW1IIFoDYk?feature=oembed\" frameborder=\"0\" allow=\"accelerometer; autoplay; encrypted-media; gyroscope; picture-in-picture\" allowfullscreen><\/iframe>\n<\/div><\/figure>\n\n\n\n<p><strong>Fliesenschneider MGZ:<\/strong><\/p>\n\n\n\n<figure class=\"wp-block-embed-youtube wp-block-embed is-type-video is-provider-youtube wp-embed-aspect-16-9 wp-has-aspect-ratio\"><div class=\"wp-block-embed__wrapper\">\n<iframe loading=\"lazy\" title=\"MGZ - jak przeci\u0105\u0107 p\u0142ytk\u0119?\" width=\"500\" height=\"281\" src=\"https:\/\/www.youtube.com\/embed\/xsrHnGt3-pU?feature=oembed\" frameborder=\"0\" allow=\"accelerometer; autoplay; encrypted-media; gyroscope; picture-in-picture\" allowfullscreen><\/iframe>\n<\/div><\/figure>\n","protected":false},"excerpt":{"rendered":"<p>Immer bem\u00fchen wir uns den Anforderungen der Kunden gerecht zu werden, deshalb auch haben wir eine Serie von Anleitungsfilmen vorbereitet, wo Sie sich genau ansehen k\u00f6nnen, wie leicht es ist, Gebrauch von unseren Produkten zu machen, wobei die Arbeitssicherheit immer gew\u00e4hrleistet wird. Es ist m\u00f6glich, die Fliesen entweder in rechteckigen Streifen oder entlang einer Diagonale <a href=\"https:\/\/walmer.com.pl\/de\/anleitungsfilme\/\">Read More<\/a><\/p>\n","protected":false},"author":4,"featured_media":0,"parent":0,"menu_order":0,"comment_status":"open","ping_status":"open","template":"","meta":{"footnotes":""},"yoast_head":"<!-- This site is optimized with the Yoast SEO plugin v17.1 - https:\/\/yoast.com\/wordpress\/plugins\/seo\/ -->\n<meta name=\"robots\" content=\"index, follow, max-snippet:-1, max-image-preview:large, max-video-preview:-1\" \/>\n<link rel=\"canonical\" href=\"https:\/\/walmer.com.pl\/de\/anleitungsfilme\/\" \/>\n<meta name=\"twitter:label1\" content=\"Szacowany czas czytania\" \/>\n\t<meta name=\"twitter:data1\" content=\"1 minuta\" \/>\n<script type=\"application\/ld+json\" class=\"yoast-schema-graph\">{\"@context\":\"https:\/\/schema.org\",\"@graph\":[{\"@type\":\"WebSite\",\"@id\":\"https:\/\/walmer.com.pl\/de\/#website\",\"url\":\"https:\/\/walmer.com.pl\/de\/\",\"name\":\"Walmer\",\"description\":\"Unsere Firma besch\\u00e4ftigt sich mit der Herstellung von Ger\\u00e4ten und Anlagen zum Fliesen- und Terrakottaschneiden. Diese Ger\\u00e4te und Anlagen sind von h\\u00f6chster Qualit\\u00e4t und finden Anerkennung auf dem europ\\u00e4ischen Markt.\",\"potentialAction\":[{\"@type\":\"SearchAction\",\"target\":{\"@type\":\"EntryPoint\",\"urlTemplate\":\"https:\/\/walmer.com.pl\/de\/?s={search_term_string}\"},\"query-input\":\"required name=search_term_string\"}],\"inLanguage\":\"pl-PL\"},{\"@type\":\"WebPage\",\"@id\":\"https:\/\/walmer.com.pl\/de\/anleitungsfilme\/#webpage\",\"url\":\"https:\/\/walmer.com.pl\/de\/anleitungsfilme\/\",\"name\":\"Anleitungsfilme - Walmer\",\"isPartOf\":{\"@id\":\"https:\/\/walmer.com.pl\/de\/#website\"},\"datePublished\":\"2012-02-08T13:02:27+00:00\",\"dateModified\":\"2020-05-06T11:12:09+00:00\",\"breadcrumb\":{\"@id\":\"https:\/\/walmer.com.pl\/de\/anleitungsfilme\/#breadcrumb\"},\"inLanguage\":\"pl-PL\",\"potentialAction\":[{\"@type\":\"ReadAction\",\"target\":[\"https:\/\/walmer.com.pl\/de\/anleitungsfilme\/\"]}]},{\"@type\":\"BreadcrumbList\",\"@id\":\"https:\/\/walmer.com.pl\/de\/anleitungsfilme\/#breadcrumb\",\"itemListElement\":[{\"@type\":\"ListItem\",\"position\":1,\"name\":\"Home\",\"item\":\"https:\/\/walmer.com.pl\/de\/\"},{\"@type\":\"ListItem\",\"position\":2,\"name\":\"Anleitungsfilme\"}]}]}<\/script>\n<!-- \/ Yoast SEO plugin. -->","yoast_head_json":{"robots":{"index":"index","follow":"follow","max-snippet":"max-snippet:-1","max-image-preview":"max-image-preview:large","max-video-preview":"max-video-preview:-1"},"canonical":"https:\/\/walmer.com.pl\/de\/anleitungsfilme\/","twitter_misc":{"Szacowany czas czytania":"1 minuta"},"schema":{"@context":"https:\/\/schema.org","@graph":[{"@type":"WebSite","@id":"https:\/\/walmer.com.pl\/de\/#website","url":"https:\/\/walmer.com.pl\/de\/","name":"Walmer","description":"Unsere Firma besch\u00e4ftigt sich mit der Herstellung von Ger\u00e4ten und Anlagen zum Fliesen- und Terrakottaschneiden. Diese Ger\u00e4te und Anlagen sind von h\u00f6chster Qualit\u00e4t und finden Anerkennung auf dem europ\u00e4ischen Markt.","potentialAction":[{"@type":"SearchAction","target":{"@type":"EntryPoint","urlTemplate":"https:\/\/walmer.com.pl\/de\/?s={search_term_string}"},"query-input":"required name=search_term_string"}],"inLanguage":"pl-PL"},{"@type":"WebPage","@id":"https:\/\/walmer.com.pl\/de\/anleitungsfilme\/#webpage","url":"https:\/\/walmer.com.pl\/de\/anleitungsfilme\/","name":"Anleitungsfilme - Walmer","isPartOf":{"@id":"https:\/\/walmer.com.pl\/de\/#website"},"datePublished":"2012-02-08T13:02:27+00:00","dateModified":"2020-05-06T11:12:09+00:00","breadcrumb":{"@id":"https:\/\/walmer.com.pl\/de\/anleitungsfilme\/#breadcrumb"},"inLanguage":"pl-PL","potentialAction":[{"@type":"ReadAction","target":["https:\/\/walmer.com.pl\/de\/anleitungsfilme\/"]}]},{"@type":"BreadcrumbList","@id":"https:\/\/walmer.com.pl\/de\/anleitungsfilme\/#breadcrumb","itemListElement":[{"@type":"ListItem","position":1,"name":"Home","item":"https:\/\/walmer.com.pl\/de\/"},{"@type":"ListItem","position":2,"name":"Anleitungsfilme"}]}]}},"_links":{"self":[{"href":"https:\/\/walmer.com.pl\/de\/wp-json\/wp\/v2\/pages\/462"}],"collection":[{"href":"https:\/\/walmer.com.pl\/de\/wp-json\/wp\/v2\/pages"}],"about":[{"href":"https:\/\/walmer.com.pl\/de\/wp-json\/wp\/v2\/types\/page"}],"author":[{"embeddable":true,"href":"https:\/\/walmer.com.pl\/de\/wp-json\/wp\/v2\/users\/4"}],"replies":[{"embeddable":true,"href":"https:\/\/walmer.com.pl\/de\/wp-json\/wp\/v2\/comments?post=462"}],"version-history":[{"count":13,"href":"https:\/\/walmer.com.pl\/de\/wp-json\/wp\/v2\/pages\/462\/revisions"}],"predecessor-version":[{"id":1094,"href":"https:\/\/walmer.com.pl\/de\/wp-json\/wp\/v2\/pages\/462\/revisions\/1094"}],"wp:attachment":[{"href":"https:\/\/walmer.com.pl\/de\/wp-json\/wp\/v2\/media?parent=462"}],"curies":[{"name":"wp","href":"https:\/\/api.w.org\/{rel}","templated":true}]}}