{"id":228,"date":"2011-10-27T18:45:37","date_gmt":"2011-10-27T18:45:37","guid":{"rendered":"http:\/\/walmer.com.pl\/wp\/?page_id=228"},"modified":"2013-12-18T18:45:20","modified_gmt":"2013-12-18T17:45:20","slug":"anfahrtsskizze","status":"publish","type":"page","link":"https:\/\/walmer.com.pl\/de\/anfahrtsskizze\/","title":{"rendered":"Anfahrtsskizze"},"content":{"rendered":"<p><iframe loading=\"lazy\" src=\"http:\/\/maps.google.com\/maps?f=q&amp;source=s_q&amp;hl=pl&amp;geocode=&amp;q=Mielec+Polska+Chrz%C4%85st%C3%B3w+&amp;sll=50.032445,21.384888&amp;sspn=1.030344,2.911377&amp;ie=UTF8&amp;ll=50.460127,21.470032&amp;spn=0.511719,1.455688&amp;z=10&amp;output=embed\" height=\"374\" width=\"980\" frameborder=\"0\" marginwidth=\"0\" marginheight=\"0\" scrolling=\"no\"><\/iframe><\/p>\n","protected":false},"excerpt":{"rendered":"","protected":false},"author":4,"featured_media":0,"parent":0,"menu_order":0,"comment_status":"open","ping_status":"open","template":"","meta":{"footnotes":""},"yoast_head":"<!-- This site is optimized with the Yoast SEO plugin v17.1 - https:\/\/yoast.com\/wordpress\/plugins\/seo\/ -->\n<meta name=\"robots\" content=\"index, follow, max-snippet:-1, max-image-preview:large, max-video-preview:-1\" \/>\n<link rel=\"canonical\" href=\"https:\/\/walmer.com.pl\/de\/anfahrtsskizze\/\" \/>\n<script type=\"application\/ld+json\" class=\"yoast-schema-graph\">{\"@context\":\"https:\/\/schema.org\",\"@graph\":[{\"@type\":\"WebSite\",\"@id\":\"https:\/\/walmer.com.pl\/de\/#website\",\"url\":\"https:\/\/walmer.com.pl\/de\/\",\"name\":\"Walmer\",\"description\":\"Unsere Firma besch\\u00e4ftigt sich mit der Herstellung von Ger\\u00e4ten und Anlagen zum Fliesen- und Terrakottaschneiden. Diese Ger\\u00e4te und Anlagen sind von h\\u00f6chster Qualit\\u00e4t und finden Anerkennung auf dem europ\\u00e4ischen Markt.\",\"potentialAction\":[{\"@type\":\"SearchAction\",\"target\":{\"@type\":\"EntryPoint\",\"urlTemplate\":\"https:\/\/walmer.com.pl\/de\/?s={search_term_string}\"},\"query-input\":\"required name=search_term_string\"}],\"inLanguage\":\"pl-PL\"},{\"@type\":\"WebPage\",\"@id\":\"https:\/\/walmer.com.pl\/de\/anfahrtsskizze\/#webpage\",\"url\":\"https:\/\/walmer.com.pl\/de\/anfahrtsskizze\/\",\"name\":\"Anfahrtsskizze - Walmer\",\"isPartOf\":{\"@id\":\"https:\/\/walmer.com.pl\/de\/#website\"},\"datePublished\":\"2011-10-27T18:45:37+00:00\",\"dateModified\":\"2013-12-18T17:45:20+00:00\",\"breadcrumb\":{\"@id\":\"https:\/\/walmer.com.pl\/de\/anfahrtsskizze\/#breadcrumb\"},\"inLanguage\":\"pl-PL\",\"potentialAction\":[{\"@type\":\"ReadAction\",\"target\":[\"https:\/\/walmer.com.pl\/de\/anfahrtsskizze\/\"]}]},{\"@type\":\"BreadcrumbList\",\"@id\":\"https:\/\/walmer.com.pl\/de\/anfahrtsskizze\/#breadcrumb\",\"itemListElement\":[{\"@type\":\"ListItem\",\"position\":1,\"name\":\"Home\",\"item\":\"https:\/\/walmer.com.pl\/de\/\"},{\"@type\":\"ListItem\",\"position\":2,\"name\":\"Anfahrtsskizze\"}]}]}<\/script>\n<!-- \/ Yoast SEO plugin. -->","yoast_head_json":{"robots":{"index":"index","follow":"follow","max-snippet":"max-snippet:-1","max-image-preview":"max-image-preview:large","max-video-preview":"max-video-preview:-1"},"canonical":"https:\/\/walmer.com.pl\/de\/anfahrtsskizze\/","schema":{"@context":"https:\/\/schema.org","@graph":[{"@type":"WebSite","@id":"https:\/\/walmer.com.pl\/de\/#website","url":"https:\/\/walmer.com.pl\/de\/","name":"Walmer","description":"Unsere Firma besch\u00e4ftigt sich mit der Herstellung von Ger\u00e4ten und Anlagen zum Fliesen- und Terrakottaschneiden. Diese Ger\u00e4te und Anlagen sind von h\u00f6chster Qualit\u00e4t und finden Anerkennung auf dem europ\u00e4ischen Markt.","potentialAction":[{"@type":"SearchAction","target":{"@type":"EntryPoint","urlTemplate":"https:\/\/walmer.com.pl\/de\/?s={search_term_string}"},"query-input":"required name=search_term_string"}],"inLanguage":"pl-PL"},{"@type":"WebPage","@id":"https:\/\/walmer.com.pl\/de\/anfahrtsskizze\/#webpage","url":"https:\/\/walmer.com.pl\/de\/anfahrtsskizze\/","name":"Anfahrtsskizze - Walmer","isPartOf":{"@id":"https:\/\/walmer.com.pl\/de\/#website"},"datePublished":"2011-10-27T18:45:37+00:00","dateModified":"2013-12-18T17:45:20+00:00","breadcrumb":{"@id":"https:\/\/walmer.com.pl\/de\/anfahrtsskizze\/#breadcrumb"},"inLanguage":"pl-PL","potentialAction":[{"@type":"ReadAction","target":["https:\/\/walmer.com.pl\/de\/anfahrtsskizze\/"]}]},{"@type":"BreadcrumbList","@id":"https:\/\/walmer.com.pl\/de\/anfahrtsskizze\/#breadcrumb","itemListElement":[{"@type":"ListItem","position":1,"name":"Home","item":"https:\/\/walmer.com.pl\/de\/"},{"@type":"ListItem","position":2,"name":"Anfahrtsskizze"}]}]}},"_links":{"self":[{"href":"https:\/\/walmer.com.pl\/de\/wp-json\/wp\/v2\/pages\/228"}],"collection":[{"href":"https:\/\/walmer.com.pl\/de\/wp-json\/wp\/v2\/pages"}],"about":[{"href":"https:\/\/walmer.com.pl\/de\/wp-json\/wp\/v2\/types\/page"}],"author":[{"embeddable":true,"href":"https:\/\/walmer.com.pl\/de\/wp-json\/wp\/v2\/users\/4"}],"replies":[{"embeddable":true,"href":"https:\/\/walmer.com.pl\/de\/wp-json\/wp\/v2\/comments?post=228"}],"version-history":[{"count":4,"href":"https:\/\/walmer.com.pl\/de\/wp-json\/wp\/v2\/pages\/228\/revisions"}],"predecessor-version":[{"id":986,"href":"https:\/\/walmer.com.pl\/de\/wp-json\/wp\/v2\/pages\/228\/revisions\/986"}],"wp:attachment":[{"href":"https:\/\/walmer.com.pl\/de\/wp-json\/wp\/v2\/media?parent=228"}],"curies":[{"name":"wp","href":"https:\/\/api.w.org\/{rel}","templated":true}]}}