{"id":189,"date":"2011-10-27T09:46:08","date_gmt":"2011-10-27T09:46:08","guid":{"rendered":"http:\/\/walmer.com.pl\/wp\/?page_id=189"},"modified":"2016-06-15T14:17:16","modified_gmt":"2016-06-15T12:17:16","slug":"kontakt","status":"publish","type":"page","link":"https:\/\/walmer.com.pl\/de\/kontakt\/","title":{"rendered":"Impressum"},"content":{"rendered":"<div class=\"one-half\"> <h3 class=\"title\"><span> Kontakt mit uns: <\/span><\/h3>\n<h4><div class=\"three-fifths\"><\/div><span style=\"line-height: 0.6cm; font-size: small; color: #575757;\">Falls Sie Fragen haben, stehen wir Ihnen gerne zur Verf\u00fcgung. Wir bitten um Kontakt per Telefon oder E-Mail. Wir hoffen, dass unsere Dienstleistungen Ihre Erwartungen befriedigen.<br \/>\n<\/span><\/h4>\n<h3 class=\"title\"><span> Kontaktdaten: <\/span><\/h3>\n<div class=\"two-thirds last\">\n<p style=\"text-align: left;\"><span style=\"line-height: 0.6cm; font-size: small; color: #575757;\">WALMER<\/span><\/p>\n<p style=\"text-align: left;\"><span style=\"line-height: 0.6cm; font-size: small; color: #575757;\">&#8222;Walmer&#8221; \u00a0S. Walas, W. Walas s.c<br \/>\n39-331 Chorzel\u00f3w,\u00a0Chrz\u0105st\u00f3w 130<\/span><\/p>\n<p style=\"text-align: left;\"><span style=\"color: #575757;\">Wola Zdakowska 32B<\/span><br \/>\n<span style=\"color: #575757;\">\u00a039-307 Gaw\u0142uszowice<\/span><\/p>\n<p style=\"text-align: left;\"><span style=\"color: #575757;\">tel.:\u00a0(0-17) 584 16 08<\/span><br \/>\n<span style=\"color: #575757;\">fax:\u00a0(0-17) 584 00 47<\/span><\/p>\n<p style=\"text-align: left;\"><span style=\"line-height: 0.6cm; font-size: small; color: #575757;\">e-mail: walmer@poczta.onet.pl<br \/>\nwalmer@walmer.com.pl<\/span><\/p>\n<\/div>\n<\/div>\n<div class=\"one-half last\"> <h3 class=\"title\"><span> Kontaktformular: <\/span><\/h3>\n\n\t\t<form id=\"contactform\" action=\"https:\/\/walmer.com.pl\/de\/wp-content\/themes\/theagency\/includes\/mail\/post.php\" method=\"post\" enctype=\"multipart\/form-data\"> \n\t\t\t<fieldset>\n\t\t\t\t<div class=\"input-div\">\n\t\t\t\t\t<label for=\"name\">Full Name\n\t\t\t\t\t\t<input type=\"text\" id=\"name\" name=\"name\" maxlength=\"75\" value=\"\" tabindex=\"1\" \/>\n\t     \t\t\t<\/label>\n\t     \t\t\t<label for=\"email\">Email\n\t       \t\t\t\t<input type=\"text\" id=\"email\" name=\"email\" maxlength=\"75\" value=\"\" tabindex=\"2\" \/>\n\t     \t\t\t<\/label>\n\t\t\t\t<\/div>\n\t\t\t  \t<div class=\"message-div\">\n\t\t\t\t\t<label for=\"message\">Message\n\t\t\t\t\t\t<textarea id=\"message\" name=\"message\" cols=\"20\" rows=\"5\" tabindex=\"3\"><\/textarea>\n\t\t\t\t\t<\/label>\n\t\t\t\t\t<input type=\"submit\" class=\"submit\" value=\"Send\" \/>\n\t\t\t\t\t<input type=\"hidden\" name=\"c_email\" id=\"c_email\" value=\"walmer@walmer.com.pl\" \/>\n\t\t\t  \t<\/div>\n\t\t\t<\/fieldset>          \n\t\t<\/form>\n<p style=\"text-align: center;\"><img decoding=\"async\" class=\"aligncenter size-large wp-image-227\" title=\"contact image\" src=\"http:\/\/walmer.com.pl\/de\/wp-content\/uploads\/2013\/11\/5.jpg\" alt=\"\" width=\"320\" height=\"auto\" \/><a href=\"http:\/\/walmer.com.pl\/de\/wp-content\/uploads\/2013\/11\/5.jpg\"><br \/>\n<\/a><\/p>\n<\/div>\n<p>&nbsp;<\/p>\n<p>&nbsp;<\/p>\n","protected":false},"excerpt":{"rendered":"<p>&nbsp; &nbsp;<\/p>\n","protected":false},"author":4,"featured_media":0,"parent":0,"menu_order":5,"comment_status":"open","ping_status":"open","template":"contact.php","meta":{"footnotes":""},"yoast_head":"<!-- This site is optimized with the Yoast SEO plugin v17.1 - https:\/\/yoast.com\/wordpress\/plugins\/seo\/ -->\n<meta name=\"robots\" content=\"index, follow, max-snippet:-1, max-image-preview:large, max-video-preview:-1\" \/>\n<link rel=\"canonical\" href=\"https:\/\/walmer.com.pl\/de\/kontakt\/\" \/>\n<script type=\"application\/ld+json\" class=\"yoast-schema-graph\">{\"@context\":\"https:\/\/schema.org\",\"@graph\":[{\"@type\":\"WebSite\",\"@id\":\"https:\/\/walmer.com.pl\/de\/#website\",\"url\":\"https:\/\/walmer.com.pl\/de\/\",\"name\":\"Walmer\",\"description\":\"Unsere Firma besch\\u00e4ftigt sich mit der Herstellung von Ger\\u00e4ten und Anlagen zum Fliesen- und Terrakottaschneiden. Diese Ger\\u00e4te und Anlagen sind von h\\u00f6chster Qualit\\u00e4t und finden Anerkennung auf dem europ\\u00e4ischen Markt.\",\"potentialAction\":[{\"@type\":\"SearchAction\",\"target\":{\"@type\":\"EntryPoint\",\"urlTemplate\":\"https:\/\/walmer.com.pl\/de\/?s={search_term_string}\"},\"query-input\":\"required name=search_term_string\"}],\"inLanguage\":\"pl-PL\"},{\"@type\":\"ImageObject\",\"@id\":\"https:\/\/walmer.com.pl\/de\/kontakt\/#primaryimage\",\"inLanguage\":\"pl-PL\",\"url\":\"http:\/\/walmer.com.pl\/de\/wp-content\/uploads\/2013\/11\/5.jpg\",\"contentUrl\":\"http:\/\/walmer.com.pl\/de\/wp-content\/uploads\/2013\/11\/5.jpg\"},{\"@type\":\"WebPage\",\"@id\":\"https:\/\/walmer.com.pl\/de\/kontakt\/#webpage\",\"url\":\"https:\/\/walmer.com.pl\/de\/kontakt\/\",\"name\":\"Impressum - Walmer\",\"isPartOf\":{\"@id\":\"https:\/\/walmer.com.pl\/de\/#website\"},\"primaryImageOfPage\":{\"@id\":\"https:\/\/walmer.com.pl\/de\/kontakt\/#primaryimage\"},\"datePublished\":\"2011-10-27T09:46:08+00:00\",\"dateModified\":\"2016-06-15T12:17:16+00:00\",\"breadcrumb\":{\"@id\":\"https:\/\/walmer.com.pl\/de\/kontakt\/#breadcrumb\"},\"inLanguage\":\"pl-PL\",\"potentialAction\":[{\"@type\":\"ReadAction\",\"target\":[\"https:\/\/walmer.com.pl\/de\/kontakt\/\"]}]},{\"@type\":\"BreadcrumbList\",\"@id\":\"https:\/\/walmer.com.pl\/de\/kontakt\/#breadcrumb\",\"itemListElement\":[{\"@type\":\"ListItem\",\"position\":1,\"name\":\"Home\",\"item\":\"https:\/\/walmer.com.pl\/de\/\"},{\"@type\":\"ListItem\",\"position\":2,\"name\":\"Impressum\"}]}]}<\/script>\n<!-- \/ Yoast SEO plugin. -->","yoast_head_json":{"robots":{"index":"index","follow":"follow","max-snippet":"max-snippet:-1","max-image-preview":"max-image-preview:large","max-video-preview":"max-video-preview:-1"},"canonical":"https:\/\/walmer.com.pl\/de\/kontakt\/","schema":{"@context":"https:\/\/schema.org","@graph":[{"@type":"WebSite","@id":"https:\/\/walmer.com.pl\/de\/#website","url":"https:\/\/walmer.com.pl\/de\/","name":"Walmer","description":"Unsere Firma besch\u00e4ftigt sich mit der Herstellung von Ger\u00e4ten und Anlagen zum Fliesen- und Terrakottaschneiden. Diese Ger\u00e4te und Anlagen sind von h\u00f6chster Qualit\u00e4t und finden Anerkennung auf dem europ\u00e4ischen Markt.","potentialAction":[{"@type":"SearchAction","target":{"@type":"EntryPoint","urlTemplate":"https:\/\/walmer.com.pl\/de\/?s={search_term_string}"},"query-input":"required name=search_term_string"}],"inLanguage":"pl-PL"},{"@type":"ImageObject","@id":"https:\/\/walmer.com.pl\/de\/kontakt\/#primaryimage","inLanguage":"pl-PL","url":"http:\/\/walmer.com.pl\/de\/wp-content\/uploads\/2013\/11\/5.jpg","contentUrl":"http:\/\/walmer.com.pl\/de\/wp-content\/uploads\/2013\/11\/5.jpg"},{"@type":"WebPage","@id":"https:\/\/walmer.com.pl\/de\/kontakt\/#webpage","url":"https:\/\/walmer.com.pl\/de\/kontakt\/","name":"Impressum - Walmer","isPartOf":{"@id":"https:\/\/walmer.com.pl\/de\/#website"},"primaryImageOfPage":{"@id":"https:\/\/walmer.com.pl\/de\/kontakt\/#primaryimage"},"datePublished":"2011-10-27T09:46:08+00:00","dateModified":"2016-06-15T12:17:16+00:00","breadcrumb":{"@id":"https:\/\/walmer.com.pl\/de\/kontakt\/#breadcrumb"},"inLanguage":"pl-PL","potentialAction":[{"@type":"ReadAction","target":["https:\/\/walmer.com.pl\/de\/kontakt\/"]}]},{"@type":"BreadcrumbList","@id":"https:\/\/walmer.com.pl\/de\/kontakt\/#breadcrumb","itemListElement":[{"@type":"ListItem","position":1,"name":"Home","item":"https:\/\/walmer.com.pl\/de\/"},{"@type":"ListItem","position":2,"name":"Impressum"}]}]}},"_links":{"self":[{"href":"https:\/\/walmer.com.pl\/de\/wp-json\/wp\/v2\/pages\/189"}],"collection":[{"href":"https:\/\/walmer.com.pl\/de\/wp-json\/wp\/v2\/pages"}],"about":[{"href":"https:\/\/walmer.com.pl\/de\/wp-json\/wp\/v2\/types\/page"}],"author":[{"embeddable":true,"href":"https:\/\/walmer.com.pl\/de\/wp-json\/wp\/v2\/users\/4"}],"replies":[{"embeddable":true,"href":"https:\/\/walmer.com.pl\/de\/wp-json\/wp\/v2\/comments?post=189"}],"version-history":[{"count":15,"href":"https:\/\/walmer.com.pl\/de\/wp-json\/wp\/v2\/pages\/189\/revisions"}],"predecessor-version":[{"id":1056,"href":"https:\/\/walmer.com.pl\/de\/wp-json\/wp\/v2\/pages\/189\/revisions\/1056"}],"wp:attachment":[{"href":"https:\/\/walmer.com.pl\/de\/wp-json\/wp\/v2\/media?parent=189"}],"curies":[{"name":"wp","href":"https:\/\/api.w.org\/{rel}","templated":true}]}}