{"id":134,"date":"2011-10-24T14:04:09","date_gmt":"2011-10-24T14:04:09","guid":{"rendered":"http:\/\/walmer.com.pl\/wp\/?page_id=134"},"modified":"2015-10-20T10:38:01","modified_gmt":"2015-10-20T08:38:01","slug":"uber-firma","status":"publish","type":"page","link":"https:\/\/walmer.com.pl\/de\/uber-firma\/","title":{"rendered":"\u00dcber Firma"},"content":{"rendered":"<h3 class=\"title\"><span>\u00dcber die Firma Walmer<\/span><\/h3>\n<table>\n<tbody>\n<tr>\n<td style=\"text-align: justify;\" width=\"600\"><span style=\"line-height: 0.6cm; font-size: small; color: #575757;\"><span style=\"line-height: 0.6cm; font-size: small; color: #575757;\">Die Firma Walmer befindet sich in Chrz\u0105st\u00f3w bei Mielec. Wir haben auch eine Niederlassung in Wola Zdakowska und sind seit dem Jahr 1992 t\u00e4tig. Wir besch\u00e4ftigen uns mit der Herstellung von Ger\u00e4ten und Anlagen zum manuellen Fliesen- und Terrakottaschneiden. Diese Ger\u00e4te und Anlagen sind von h\u00f6chster Qualit\u00e4t und finden Anerkennung auf dem europ\u00e4ischen Markt. Sie werden sowohl von Fachleuten als auch von Amateuren benutzt. Seit Jahren arbeiten mit uns viele Unternehmen im Gebiet des ganzes Landes mit, einige Firmen auch seit dem Beginn unserer T\u00e4tigkeit.<br \/>\nWir haben die Zusammenarbeit mit gro\u00dfen Einkaufszentren auf dem Gebiet des ganzes Landes aufgenommen, was von hoher Qualit\u00e4t unserer Produkte zeugt.<br \/>\n<\/span><\/span><\/p>\n<p style=\"text-align: justify;\"><span style=\"line-height: 0.6cm; font-size: small; color: #575757;\">Dank dem professionellen Kundendienst, dem breiten Angebot, den guten Gesch\u00e4ftsbedingungen und den g\u00fcnstigen Preisen genie\u00dfen wir gro\u00dfes Vertrauen der Kunden. Besonders sch\u00e4tzen wir die hohe Qualit\u00e4t von unseren Produkten, dank der die Arbeit viel leichter und komfortabel wird. Wir sind eine Firma, die sich dynamisch entwickelt und ihr Angebot mit neuen Modellen verst\u00e4rkt, wodurch wir neue Kunden gewinnen.<\/span><\/p>\n<\/td>\n<td style=\"text-align: left; padding-left: 20px;\"><span style=\"color: #000000;\"><a href=\"http:\/\/walmer.com.pl\/de\/angebot\/\"><img loading=\"lazy\" decoding=\"async\" class=\"size-full wp-image-271 alignleft\" title=\"products\" src=\"http:\/\/walmer.com.pl\/de\/wp-content\/uploads\/2013\/12\/product_btn_de.png\" alt=\"\" width=\"588\" height=\"58\" \/><\/a><br \/>\n<\/span><\/td>\n<\/tr>\n<\/tbody>\n<\/table>\n","protected":false},"excerpt":{"rendered":"<p>Die Firma Walmer befindet sich in Chrz\u0105st\u00f3w bei Mielec. Wir haben auch eine Niederlassung in Wola Zdakowska und sind seit dem Jahr 1992 t\u00e4tig. Wir besch\u00e4ftigen uns mit der Herstellung von Ger\u00e4ten und Anlagen zum manuellen Fliesen- und Terrakottaschneiden. Diese Ger\u00e4te und Anlagen sind von h\u00f6chster Qualit\u00e4t und finden Anerkennung auf dem europ\u00e4ischen Markt. Sie <a href=\"https:\/\/walmer.com.pl\/de\/uber-firma\/\">Read More<\/a><\/p>\n","protected":false},"author":4,"featured_media":0,"parent":0,"menu_order":1,"comment_status":"open","ping_status":"open","template":"","meta":{"footnotes":""},"yoast_head":"<!-- This site is optimized with the Yoast SEO plugin v17.1 - https:\/\/yoast.com\/wordpress\/plugins\/seo\/ -->\n<meta name=\"robots\" content=\"index, follow, max-snippet:-1, max-image-preview:large, max-video-preview:-1\" \/>\n<link rel=\"canonical\" href=\"https:\/\/walmer.com.pl\/de\/uber-firma\/\" \/>\n<meta name=\"twitter:label1\" content=\"Szacowany czas czytania\" \/>\n\t<meta name=\"twitter:data1\" content=\"1 minuta\" \/>\n<script type=\"application\/ld+json\" class=\"yoast-schema-graph\">{\"@context\":\"https:\/\/schema.org\",\"@graph\":[{\"@type\":\"WebSite\",\"@id\":\"https:\/\/walmer.com.pl\/de\/#website\",\"url\":\"https:\/\/walmer.com.pl\/de\/\",\"name\":\"Walmer\",\"description\":\"Unsere Firma besch\\u00e4ftigt sich mit der Herstellung von Ger\\u00e4ten und Anlagen zum Fliesen- und Terrakottaschneiden. Diese Ger\\u00e4te und Anlagen sind von h\\u00f6chster Qualit\\u00e4t und finden Anerkennung auf dem europ\\u00e4ischen Markt.\",\"potentialAction\":[{\"@type\":\"SearchAction\",\"target\":{\"@type\":\"EntryPoint\",\"urlTemplate\":\"https:\/\/walmer.com.pl\/de\/?s={search_term_string}\"},\"query-input\":\"required name=search_term_string\"}],\"inLanguage\":\"pl-PL\"},{\"@type\":\"ImageObject\",\"@id\":\"https:\/\/walmer.com.pl\/de\/uber-firma\/#primaryimage\",\"inLanguage\":\"pl-PL\",\"url\":\"http:\/\/walmer.com.pl\/de\/wp-content\/uploads\/2013\/12\/product_btn_de.png\",\"contentUrl\":\"http:\/\/walmer.com.pl\/de\/wp-content\/uploads\/2013\/12\/product_btn_de.png\"},{\"@type\":\"WebPage\",\"@id\":\"https:\/\/walmer.com.pl\/de\/uber-firma\/#webpage\",\"url\":\"https:\/\/walmer.com.pl\/de\/uber-firma\/\",\"name\":\"\\u00dcber Firma - Walmer\",\"isPartOf\":{\"@id\":\"https:\/\/walmer.com.pl\/de\/#website\"},\"primaryImageOfPage\":{\"@id\":\"https:\/\/walmer.com.pl\/de\/uber-firma\/#primaryimage\"},\"datePublished\":\"2011-10-24T14:04:09+00:00\",\"dateModified\":\"2015-10-20T08:38:01+00:00\",\"breadcrumb\":{\"@id\":\"https:\/\/walmer.com.pl\/de\/uber-firma\/#breadcrumb\"},\"inLanguage\":\"pl-PL\",\"potentialAction\":[{\"@type\":\"ReadAction\",\"target\":[\"https:\/\/walmer.com.pl\/de\/uber-firma\/\"]}]},{\"@type\":\"BreadcrumbList\",\"@id\":\"https:\/\/walmer.com.pl\/de\/uber-firma\/#breadcrumb\",\"itemListElement\":[{\"@type\":\"ListItem\",\"position\":1,\"name\":\"Home\",\"item\":\"https:\/\/walmer.com.pl\/de\/\"},{\"@type\":\"ListItem\",\"position\":2,\"name\":\"\\u00dcber Firma\"}]}]}<\/script>\n<!-- \/ Yoast SEO plugin. -->","yoast_head_json":{"robots":{"index":"index","follow":"follow","max-snippet":"max-snippet:-1","max-image-preview":"max-image-preview:large","max-video-preview":"max-video-preview:-1"},"canonical":"https:\/\/walmer.com.pl\/de\/uber-firma\/","twitter_misc":{"Szacowany czas czytania":"1 minuta"},"schema":{"@context":"https:\/\/schema.org","@graph":[{"@type":"WebSite","@id":"https:\/\/walmer.com.pl\/de\/#website","url":"https:\/\/walmer.com.pl\/de\/","name":"Walmer","description":"Unsere Firma besch\u00e4ftigt sich mit der Herstellung von Ger\u00e4ten und Anlagen zum Fliesen- und Terrakottaschneiden. Diese Ger\u00e4te und Anlagen sind von h\u00f6chster Qualit\u00e4t und finden Anerkennung auf dem europ\u00e4ischen Markt.","potentialAction":[{"@type":"SearchAction","target":{"@type":"EntryPoint","urlTemplate":"https:\/\/walmer.com.pl\/de\/?s={search_term_string}"},"query-input":"required name=search_term_string"}],"inLanguage":"pl-PL"},{"@type":"ImageObject","@id":"https:\/\/walmer.com.pl\/de\/uber-firma\/#primaryimage","inLanguage":"pl-PL","url":"http:\/\/walmer.com.pl\/de\/wp-content\/uploads\/2013\/12\/product_btn_de.png","contentUrl":"http:\/\/walmer.com.pl\/de\/wp-content\/uploads\/2013\/12\/product_btn_de.png"},{"@type":"WebPage","@id":"https:\/\/walmer.com.pl\/de\/uber-firma\/#webpage","url":"https:\/\/walmer.com.pl\/de\/uber-firma\/","name":"\u00dcber Firma - Walmer","isPartOf":{"@id":"https:\/\/walmer.com.pl\/de\/#website"},"primaryImageOfPage":{"@id":"https:\/\/walmer.com.pl\/de\/uber-firma\/#primaryimage"},"datePublished":"2011-10-24T14:04:09+00:00","dateModified":"2015-10-20T08:38:01+00:00","breadcrumb":{"@id":"https:\/\/walmer.com.pl\/de\/uber-firma\/#breadcrumb"},"inLanguage":"pl-PL","potentialAction":[{"@type":"ReadAction","target":["https:\/\/walmer.com.pl\/de\/uber-firma\/"]}]},{"@type":"BreadcrumbList","@id":"https:\/\/walmer.com.pl\/de\/uber-firma\/#breadcrumb","itemListElement":[{"@type":"ListItem","position":1,"name":"Home","item":"https:\/\/walmer.com.pl\/de\/"},{"@type":"ListItem","position":2,"name":"\u00dcber Firma"}]}]}},"_links":{"self":[{"href":"https:\/\/walmer.com.pl\/de\/wp-json\/wp\/v2\/pages\/134"}],"collection":[{"href":"https:\/\/walmer.com.pl\/de\/wp-json\/wp\/v2\/pages"}],"about":[{"href":"https:\/\/walmer.com.pl\/de\/wp-json\/wp\/v2\/types\/page"}],"author":[{"embeddable":true,"href":"https:\/\/walmer.com.pl\/de\/wp-json\/wp\/v2\/users\/4"}],"replies":[{"embeddable":true,"href":"https:\/\/walmer.com.pl\/de\/wp-json\/wp\/v2\/comments?post=134"}],"version-history":[{"count":13,"href":"https:\/\/walmer.com.pl\/de\/wp-json\/wp\/v2\/pages\/134\/revisions"}],"predecessor-version":[{"id":1030,"href":"https:\/\/walmer.com.pl\/de\/wp-json\/wp\/v2\/pages\/134\/revisions\/1030"}],"wp:attachment":[{"href":"https:\/\/walmer.com.pl\/de\/wp-json\/wp\/v2\/media?parent=134"}],"curies":[{"name":"wp","href":"https:\/\/api.w.org\/{rel}","templated":true}]}}